{"id":11209,"date":"2022-09-11T23:17:43","date_gmt":"2022-09-11T21:17:43","guid":{"rendered":"https:\/\/eterle.cz\/eshop\/produkt\/dzban-a-6-sklenic\/"},"modified":"2025-02-16T02:58:18","modified_gmt":"2025-02-16T01:58:18","slug":"dzban-a-6-sklenic","status":"publish","type":"product","link":"https:\/\/eterle.cz\/eshop\/produkt\/dzban-a-6-sklenic\/","title":{"rendered":"D\u017eb\u00e1n a 6 sklenic"},"content":{"rendered":"<p>Kr\u00e1sn\u00e1 sada na vodu obsahuj\u00edc\u00ed d\u017eb\u00e1nek a 6 sklenic z druh\u00e9 poloviny minul\u00e9ho stolet\u00ed. Sv\u00fdm abstraktn\u00edm b\u00edlo-zlat\u00fdm dekorem p\u0159ipom\u00edn\u00e1 i secesi.<\/p>\n<p>Stav: dobr\u00fd, pouze usazenina od vody na dn\u011b d\u017eb\u00e1nku<br \/>\nRozm\u011br<br \/>\nObjem d\u017eb\u00e1nku: 1,5 l<br \/>\nObjem sklenice: 250 ml<\/p>\n","protected":false},"excerpt":{"rendered":"<p>Kr\u00e1sn\u00e1 sada na vodu obsahuj\u00edc\u00ed d\u017eb\u00e1nek a 6 sklenic z druh\u00e9 poloviny minul\u00e9ho stolet\u00ed. Sv\u00fdm abstraktn\u00edm b\u00edlo-zlat\u00fdm dekorem p\u0159ipom\u00edn\u00e1 i<\/p>\n","protected":false},"featured_media":11210,"template":"","meta":[],"product_brand":[153],"product_cat":[91],"product_tag":[],"class_list":{"0":"post-11209","1":"product","2":"type-product","3":"status-publish","4":"has-post-thumbnail","6":"product_brand-eterle-cz","7":"product_cat-prodane","9":"first","10":"outofstock","11":"purchasable","12":"product-type-simple"},"_links":{"self":[{"href":"https:\/\/eterle.cz\/eshop\/wp-json\/wp\/v2\/product\/11209","targetHints":{"allow":["GET"]}}],"collection":[{"href":"https:\/\/eterle.cz\/eshop\/wp-json\/wp\/v2\/product"}],"about":[{"href":"https:\/\/eterle.cz\/eshop\/wp-json\/wp\/v2\/types\/product"}],"version-history":[{"count":0,"href":"https:\/\/eterle.cz\/eshop\/wp-json\/wp\/v2\/product\/11209\/revisions"}],"wp:featuredmedia":[{"embeddable":true,"href":"https:\/\/eterle.cz\/eshop\/wp-json\/wp\/v2\/media\/11210"}],"wp:attachment":[{"href":"https:\/\/eterle.cz\/eshop\/wp-json\/wp\/v2\/media?parent=11209"}],"wp:term":[{"taxonomy":"product_brand","embeddable":true,"href":"https:\/\/eterle.cz\/eshop\/wp-json\/wp\/v2\/product_brand?post=11209"},{"taxonomy":"product_cat","embeddable":true,"href":"https:\/\/eterle.cz\/eshop\/wp-json\/wp\/v2\/product_cat?post=11209"},{"taxonomy":"product_tag","embeddable":true,"href":"https:\/\/eterle.cz\/eshop\/wp-json\/wp\/v2\/product_tag?post=11209"}],"curies":[{"name":"wp","href":"https:\/\/api.w.org\/{rel}","templated":true}]}}