{"id":11216,"date":"2022-09-11T23:17:58","date_gmt":"2022-09-11T21:17:58","guid":{"rendered":"https:\/\/eterle.cz\/eshop\/produkt\/pullitr-bohemi-acrystal\/"},"modified":"2025-02-16T02:58:18","modified_gmt":"2025-02-16T01:58:18","slug":"pullitr-bohemi-acrystal","status":"publish","type":"product","link":"https:\/\/eterle.cz\/eshop\/produkt\/pullitr-bohemi-acrystal\/","title":{"rendered":"P\u016fllitr \/ Bohemi aCrystal"},"content":{"rendered":"<p>Sklen\u011bn\u00fd p\u016flitr z ten\u010d\u00edho skla pro elegantn\u00ed chvilku s pivem.<\/p>\n<p>Stav: v\u00fdborn\u00fd<br \/>\nZna\u010dka: Bohemia Crystal<br \/>\nRozm\u011br<br \/>\nObjem: 500 ml<br \/>\nV\u00fd\u0161ka: 12,5 cm<\/p>\n","protected":false},"excerpt":{"rendered":"<p>Sklen\u011bn\u00fd p\u016flitr z ten\u010d\u00edho skla pro elegantn\u00ed chvilku s pivem. Stav: v\u00fdborn\u00fd Zna\u010dka: Bohemia Crystal Rozm\u011br Objem: 500 ml V\u00fd\u0161ka:<\/p>\n","protected":false},"featured_media":11217,"template":"","meta":[],"product_brand":[153],"product_cat":[91],"product_tag":[],"class_list":{"0":"post-11216","1":"product","2":"type-product","3":"status-publish","4":"has-post-thumbnail","6":"product_brand-eterle-cz","7":"product_cat-prodane","9":"first","10":"outofstock","11":"purchasable","12":"product-type-simple"},"_links":{"self":[{"href":"https:\/\/eterle.cz\/eshop\/wp-json\/wp\/v2\/product\/11216","targetHints":{"allow":["GET"]}}],"collection":[{"href":"https:\/\/eterle.cz\/eshop\/wp-json\/wp\/v2\/product"}],"about":[{"href":"https:\/\/eterle.cz\/eshop\/wp-json\/wp\/v2\/types\/product"}],"version-history":[{"count":0,"href":"https:\/\/eterle.cz\/eshop\/wp-json\/wp\/v2\/product\/11216\/revisions"}],"wp:featuredmedia":[{"embeddable":true,"href":"https:\/\/eterle.cz\/eshop\/wp-json\/wp\/v2\/media\/11217"}],"wp:attachment":[{"href":"https:\/\/eterle.cz\/eshop\/wp-json\/wp\/v2\/media?parent=11216"}],"wp:term":[{"taxonomy":"product_brand","embeddable":true,"href":"https:\/\/eterle.cz\/eshop\/wp-json\/wp\/v2\/product_brand?post=11216"},{"taxonomy":"product_cat","embeddable":true,"href":"https:\/\/eterle.cz\/eshop\/wp-json\/wp\/v2\/product_cat?post=11216"},{"taxonomy":"product_tag","embeddable":true,"href":"https:\/\/eterle.cz\/eshop\/wp-json\/wp\/v2\/product_tag?post=11216"}],"curies":[{"name":"wp","href":"https:\/\/api.w.org\/{rel}","templated":true}]}}