{"id":11221,"date":"2022-09-11T23:18:07","date_gmt":"2022-09-11T21:18:07","guid":{"rendered":"https:\/\/eterle.cz\/eshop\/produkt\/misa-a-5-misek\/"},"modified":"2025-02-16T02:58:18","modified_gmt":"2025-02-16T01:58:18","slug":"misa-a-5-misek","status":"publish","type":"product","link":"https:\/\/eterle.cz\/eshop\/produkt\/misa-a-5-misek\/","title":{"rendered":"M\u00edsa a 5 misek"},"content":{"rendered":"<p>Lit\u00e1 m\u00edsa s p\u011bti misti\u010dkami velmi atypick\u00e9ho vzhledu s uchem ve tvaru zob\u00e1ku dravce. P\u0159i pohledu shora p\u0159ipom\u00edn\u00e1 kv\u011bt slune\u010dnic, kde jeden okv\u011btn\u00ed pl\u00e1tek je hladk\u00fd a druh\u00fd p\u00edskovan\u00fd.<\/p>\n<p>Stav: velmi dobr\u00fd<br \/>\nRozm\u011br<br \/>\nPr\u016fm\u011br m\u00edsy: 23 cm<br \/>\nPr\u016fm\u011br misti\u010dky: 11 cm<\/p>\n","protected":false},"excerpt":{"rendered":"<p>Lit\u00e1 m\u00edsa s p\u011bti misti\u010dkami velmi atypick\u00e9ho vzhledu s uchem ve tvaru zob\u00e1ku dravce. P\u0159i pohledu shora p\u0159ipom\u00edn\u00e1 kv\u011bt slune\u010dnic,<\/p>\n","protected":false},"featured_media":11222,"template":"","meta":[],"product_brand":[153],"product_cat":[91],"product_tag":[],"class_list":{"0":"post-11221","1":"product","2":"type-product","3":"status-publish","4":"has-post-thumbnail","6":"product_brand-eterle-cz","7":"product_cat-prodane","9":"first","10":"outofstock","11":"purchasable","12":"product-type-simple"},"_links":{"self":[{"href":"https:\/\/eterle.cz\/eshop\/wp-json\/wp\/v2\/product\/11221","targetHints":{"allow":["GET"]}}],"collection":[{"href":"https:\/\/eterle.cz\/eshop\/wp-json\/wp\/v2\/product"}],"about":[{"href":"https:\/\/eterle.cz\/eshop\/wp-json\/wp\/v2\/types\/product"}],"version-history":[{"count":0,"href":"https:\/\/eterle.cz\/eshop\/wp-json\/wp\/v2\/product\/11221\/revisions"}],"wp:featuredmedia":[{"embeddable":true,"href":"https:\/\/eterle.cz\/eshop\/wp-json\/wp\/v2\/media\/11222"}],"wp:attachment":[{"href":"https:\/\/eterle.cz\/eshop\/wp-json\/wp\/v2\/media?parent=11221"}],"wp:term":[{"taxonomy":"product_brand","embeddable":true,"href":"https:\/\/eterle.cz\/eshop\/wp-json\/wp\/v2\/product_brand?post=11221"},{"taxonomy":"product_cat","embeddable":true,"href":"https:\/\/eterle.cz\/eshop\/wp-json\/wp\/v2\/product_cat?post=11221"},{"taxonomy":"product_tag","embeddable":true,"href":"https:\/\/eterle.cz\/eshop\/wp-json\/wp\/v2\/product_tag?post=11221"}],"curies":[{"name":"wp","href":"https:\/\/api.w.org\/{rel}","templated":true}]}}