{"id":11229,"date":"2022-09-11T23:18:23","date_gmt":"2022-09-11T21:18:23","guid":{"rendered":"https:\/\/eterle.cz\/eshop\/produkt\/doza-z-liteho-skla\/"},"modified":"2025-02-16T02:58:17","modified_gmt":"2025-02-16T01:58:17","slug":"doza-z-liteho-skla","status":"publish","type":"product","link":"https:\/\/eterle.cz\/eshop\/produkt\/doza-z-liteho-skla\/","title":{"rendered":"D\u00f3za z lisovan\u00e9ho skla"},"content":{"rendered":"<p>Velmi t\u011b\u017ek\u00e1 d\u00f3za z lisovan\u00e9ho skla na sladkosti, \u0161perky \u010di jin\u00e9 drobnosti. Vhodn\u00e1 ale i do koupelny t\u0159eba na kosmetick\u00e9 vatov\u00e9 tamp\u00f3ny.<\/p>\n<p>Stav: velmi dobr\u00fd<br \/>\nRozm\u011br<br \/>\nObjem: 0,5 cm<br \/>\nV\u00fd\u0161ka celkov\u00e1: 16 cm<\/p>\n","protected":false},"excerpt":{"rendered":"<p>Velmi t\u011b\u017ek\u00e1 d\u00f3za z lisovan\u00e9ho skla na sladkosti, \u0161perky \u010di jin\u00e9 drobnosti. Vhodn\u00e1 ale i do koupelny t\u0159eba na kosmetick\u00e9<\/p>\n","protected":false},"featured_media":11230,"template":"","meta":[],"product_brand":[153],"product_cat":[91],"product_tag":[],"class_list":{"0":"post-11229","1":"product","2":"type-product","3":"status-publish","4":"has-post-thumbnail","6":"product_brand-eterle-cz","7":"product_cat-prodane","9":"first","10":"outofstock","11":"purchasable","12":"product-type-simple"},"_links":{"self":[{"href":"https:\/\/eterle.cz\/eshop\/wp-json\/wp\/v2\/product\/11229","targetHints":{"allow":["GET"]}}],"collection":[{"href":"https:\/\/eterle.cz\/eshop\/wp-json\/wp\/v2\/product"}],"about":[{"href":"https:\/\/eterle.cz\/eshop\/wp-json\/wp\/v2\/types\/product"}],"version-history":[{"count":0,"href":"https:\/\/eterle.cz\/eshop\/wp-json\/wp\/v2\/product\/11229\/revisions"}],"wp:featuredmedia":[{"embeddable":true,"href":"https:\/\/eterle.cz\/eshop\/wp-json\/wp\/v2\/media\/11230"}],"wp:attachment":[{"href":"https:\/\/eterle.cz\/eshop\/wp-json\/wp\/v2\/media?parent=11229"}],"wp:term":[{"taxonomy":"product_brand","embeddable":true,"href":"https:\/\/eterle.cz\/eshop\/wp-json\/wp\/v2\/product_brand?post=11229"},{"taxonomy":"product_cat","embeddable":true,"href":"https:\/\/eterle.cz\/eshop\/wp-json\/wp\/v2\/product_cat?post=11229"},{"taxonomy":"product_tag","embeddable":true,"href":"https:\/\/eterle.cz\/eshop\/wp-json\/wp\/v2\/product_tag?post=11229"}],"curies":[{"name":"wp","href":"https:\/\/api.w.org\/{rel}","templated":true}]}}