{"id":11437,"date":"2022-09-11T23:25:00","date_gmt":"2022-09-11T21:25:00","guid":{"rendered":"https:\/\/eterle.cz\/eshop\/produkt\/stolni-lampicka-2\/"},"modified":"2025-02-16T02:58:05","modified_gmt":"2025-02-16T01:58:05","slug":"stolni-lampicka-2","status":"publish","type":"product","link":"https:\/\/eterle.cz\/eshop\/produkt\/stolni-lampicka-2\/","title":{"rendered":"Stoln\u00ed lampi\u010dka"},"content":{"rendered":"<p>Lampi\u010dka z Pokroku \u017dilina. St\u00ednidlo je vyrobeno nikoliv ze skla, ale z granul\u00e1tov\u00e9 um\u011bl\u00e9 hmoty, kter\u00e1 byla ve sv\u00e9 dob\u011b u sv\u00edtidel velice popul\u00e1rn\u00ed. Podstavec lampy je d\u0159ev\u011bn\u00fd.\u00a025 W, 250 V<\/p>\n<p>Stav: velmi dobr\u00fd vintage. Funk\u010dn\u00ed, elektroinstalace p\u016fvodn\u00ed.<br \/>\nZna\u010dka: Pokrok \u017dilina<br \/>\nRozm\u011br<br \/>\nPr\u016fm\u011br st\u00ednidla: 9 cm<br \/>\nV\u00fd\u0161ka: 22 cm<\/p>\n","protected":false},"excerpt":{"rendered":"<p>Lampi\u010dka z Pokroku \u017dilina. St\u00ednidlo je vyrobeno nikoliv ze skla, ale z granul\u00e1tov\u00e9 um\u011bl\u00e9 hmoty, kter\u00e1 byla ve sv\u00e9 dob\u011b<\/p>\n","protected":false},"featured_media":11438,"template":"","meta":[],"product_brand":[153],"product_cat":[91],"product_tag":[],"class_list":{"0":"post-11437","1":"product","2":"type-product","3":"status-publish","4":"has-post-thumbnail","6":"product_brand-eterle-cz","7":"product_cat-prodane","8":"product_shipping_class-nadrozmerne","10":"first","11":"outofstock","12":"purchasable","13":"product-type-simple"},"_links":{"self":[{"href":"https:\/\/eterle.cz\/eshop\/wp-json\/wp\/v2\/product\/11437","targetHints":{"allow":["GET"]}}],"collection":[{"href":"https:\/\/eterle.cz\/eshop\/wp-json\/wp\/v2\/product"}],"about":[{"href":"https:\/\/eterle.cz\/eshop\/wp-json\/wp\/v2\/types\/product"}],"version-history":[{"count":0,"href":"https:\/\/eterle.cz\/eshop\/wp-json\/wp\/v2\/product\/11437\/revisions"}],"wp:featuredmedia":[{"embeddable":true,"href":"https:\/\/eterle.cz\/eshop\/wp-json\/wp\/v2\/media\/11438"}],"wp:attachment":[{"href":"https:\/\/eterle.cz\/eshop\/wp-json\/wp\/v2\/media?parent=11437"}],"wp:term":[{"taxonomy":"product_brand","embeddable":true,"href":"https:\/\/eterle.cz\/eshop\/wp-json\/wp\/v2\/product_brand?post=11437"},{"taxonomy":"product_cat","embeddable":true,"href":"https:\/\/eterle.cz\/eshop\/wp-json\/wp\/v2\/product_cat?post=11437"},{"taxonomy":"product_tag","embeddable":true,"href":"https:\/\/eterle.cz\/eshop\/wp-json\/wp\/v2\/product_tag?post=11437"}],"curies":[{"name":"wp","href":"https:\/\/api.w.org\/{rel}","templated":true}]}}