{"id":11448,"date":"2022-09-11T23:25:24","date_gmt":"2022-09-11T21:25:24","guid":{"rendered":"https:\/\/eterle.cz\/eshop\/produkt\/kuchynsky-lustr-koule\/"},"modified":"2025-02-16T02:58:05","modified_gmt":"2025-02-16T01:58:05","slug":"kuchynsky-lustr-koule","status":"publish","type":"product","link":"https:\/\/eterle.cz\/eshop\/produkt\/kuchynsky-lustr-koule\/","title":{"rendered":"Kuchy\u0148sk\u00fd lustr koule"},"content":{"rendered":"<p>Stahovac\u00ed kuchy\u0148sk\u00fd lustr z prvn\u00ed republiky v zelenkav\u00e9 barv\u011b s zelen\u00fdm a \u010derven\u00fdm tenk\u00fdm prou\u017ekem. Sv\u011btlo se hod\u00ed nejen nad kuchy\u0148sk\u00fd st\u016fl, ale t\u0159eba tak\u00e9 do chodby.<\/p>\n<p>Stav: vintage, chrom vyle\u0161t\u011bn, ale nese zn\u00e1mky patiny (te\u010dkovan\u00fd). Funk\u010dn\u00ed, elektroinstalace p\u016fvodn\u00ed<br \/>\nRozm\u011br<br \/>\nPr\u016fm\u011br st\u00ednidla: cca 20 cm<br \/>\nV\u00fd\u0161ka st\u00ednidla: 18 cm<\/p>\n","protected":false},"excerpt":{"rendered":"<p>Stahovac\u00ed kuchy\u0148sk\u00fd lustr z prvn\u00ed republiky v zelenkav\u00e9 barv\u011b s zelen\u00fdm a \u010derven\u00fdm tenk\u00fdm prou\u017ekem. Sv\u011btlo se hod\u00ed nejen nad<\/p>\n","protected":false},"featured_media":11449,"template":"","meta":[],"product_brand":[153],"product_cat":[91],"product_tag":[],"class_list":{"0":"post-11448","1":"product","2":"type-product","3":"status-publish","4":"has-post-thumbnail","6":"product_brand-eterle-cz","7":"product_cat-prodane","8":"product_shipping_class-nadrozmerne","10":"first","11":"outofstock","12":"purchasable","13":"product-type-simple"},"_links":{"self":[{"href":"https:\/\/eterle.cz\/eshop\/wp-json\/wp\/v2\/product\/11448","targetHints":{"allow":["GET"]}}],"collection":[{"href":"https:\/\/eterle.cz\/eshop\/wp-json\/wp\/v2\/product"}],"about":[{"href":"https:\/\/eterle.cz\/eshop\/wp-json\/wp\/v2\/types\/product"}],"version-history":[{"count":1,"href":"https:\/\/eterle.cz\/eshop\/wp-json\/wp\/v2\/product\/11448\/revisions"}],"predecessor-version":[{"id":12783,"href":"https:\/\/eterle.cz\/eshop\/wp-json\/wp\/v2\/product\/11448\/revisions\/12783"}],"wp:featuredmedia":[{"embeddable":true,"href":"https:\/\/eterle.cz\/eshop\/wp-json\/wp\/v2\/media\/11449"}],"wp:attachment":[{"href":"https:\/\/eterle.cz\/eshop\/wp-json\/wp\/v2\/media?parent=11448"}],"wp:term":[{"taxonomy":"product_brand","embeddable":true,"href":"https:\/\/eterle.cz\/eshop\/wp-json\/wp\/v2\/product_brand?post=11448"},{"taxonomy":"product_cat","embeddable":true,"href":"https:\/\/eterle.cz\/eshop\/wp-json\/wp\/v2\/product_cat?post=11448"},{"taxonomy":"product_tag","embeddable":true,"href":"https:\/\/eterle.cz\/eshop\/wp-json\/wp\/v2\/product_tag?post=11448"}],"curies":[{"name":"wp","href":"https:\/\/api.w.org\/{rel}","templated":true}]}}