{"id":11454,"date":"2022-09-11T23:25:36","date_gmt":"2022-09-11T21:25:36","guid":{"rendered":"https:\/\/eterle.cz\/eshop\/produkt\/proutena-stolicka-jipro-pro-uluv\/"},"modified":"2025-02-16T02:58:04","modified_gmt":"2025-02-16T01:58:04","slug":"proutena-stolicka-jipro-pro-uluv","status":"publish","type":"product","link":"https:\/\/eterle.cz\/eshop\/produkt\/proutena-stolicka-jipro-pro-uluv\/","title":{"rendered":"Prout\u011bn\u00e1 stoli\u010dka \/ Jipro pro \u00daLUV"},"content":{"rendered":"<p>Mal\u00e1 prout\u011bn\u00e1 stoli\u010dka vhodn\u00e1 do p\u0159eds\u00edn\u011b na p\u0159ezouv\u00e1n\u00ed, do ob\u00fdv\u00e1ku na kytku nebo t\u0159eba na chalupu. Ve stejn\u00e9m stylu k dispozici i stole\u010dek, &#8222;lavi\u010dka&#8220;, v\u011b\u0161\u00e1k a zrcadlo.<\/p>\n<p>Stav: dobr\u00fd vintage<br \/>\nZna\u010dka: Jipro pro \u00daLUV<br \/>\nRozm\u011br<br \/>\nV\u00fd\u0161ka: 40 cm<br \/>\nPr\u016fm\u011br: 36 cm<\/p>\n","protected":false},"excerpt":{"rendered":"<p>Mal\u00e1 prout\u011bn\u00e1 stoli\u010dka vhodn\u00e1 do p\u0159eds\u00edn\u011b na p\u0159ezouv\u00e1n\u00ed, do ob\u00fdv\u00e1ku na kytku nebo t\u0159eba na chalupu. Ve stejn\u00e9m stylu k<\/p>\n","protected":false},"featured_media":11455,"template":"","meta":[],"product_brand":[153],"product_cat":[91],"product_tag":[],"class_list":{"0":"post-11454","1":"product","2":"type-product","3":"status-publish","4":"has-post-thumbnail","6":"product_brand-eterle-cz","7":"product_cat-prodane","8":"product_shipping_class-nadrozmerne","10":"first","11":"outofstock","12":"purchasable","13":"product-type-simple"},"_links":{"self":[{"href":"https:\/\/eterle.cz\/eshop\/wp-json\/wp\/v2\/product\/11454","targetHints":{"allow":["GET"]}}],"collection":[{"href":"https:\/\/eterle.cz\/eshop\/wp-json\/wp\/v2\/product"}],"about":[{"href":"https:\/\/eterle.cz\/eshop\/wp-json\/wp\/v2\/types\/product"}],"version-history":[{"count":1,"href":"https:\/\/eterle.cz\/eshop\/wp-json\/wp\/v2\/product\/11454\/revisions"}],"predecessor-version":[{"id":13086,"href":"https:\/\/eterle.cz\/eshop\/wp-json\/wp\/v2\/product\/11454\/revisions\/13086"}],"wp:featuredmedia":[{"embeddable":true,"href":"https:\/\/eterle.cz\/eshop\/wp-json\/wp\/v2\/media\/11455"}],"wp:attachment":[{"href":"https:\/\/eterle.cz\/eshop\/wp-json\/wp\/v2\/media?parent=11454"}],"wp:term":[{"taxonomy":"product_brand","embeddable":true,"href":"https:\/\/eterle.cz\/eshop\/wp-json\/wp\/v2\/product_brand?post=11454"},{"taxonomy":"product_cat","embeddable":true,"href":"https:\/\/eterle.cz\/eshop\/wp-json\/wp\/v2\/product_cat?post=11454"},{"taxonomy":"product_tag","embeddable":true,"href":"https:\/\/eterle.cz\/eshop\/wp-json\/wp\/v2\/product_tag?post=11454"}],"curies":[{"name":"wp","href":"https:\/\/api.w.org\/{rel}","templated":true}]}}