{"id":11461,"date":"2022-09-11T23:25:51","date_gmt":"2022-09-11T21:25:51","guid":{"rendered":"https:\/\/eterle.cz\/eshop\/produkt\/prouteny-stolek-jipro-pro-uluv\/"},"modified":"2026-03-25T20:14:56","modified_gmt":"2026-03-25T19:14:56","slug":"prouteny-stolek-jipro-pro-uluv","status":"publish","type":"product","link":"https:\/\/eterle.cz\/eshop\/produkt\/prouteny-stolek-jipro-pro-uluv\/","title":{"rendered":"Prout\u011bn\u00fd stolek  \/ Jipro pro \u00daLUV"},"content":{"rendered":"<p>Prout\u011bn\u00fd stolek vyroben pro \u00daLUV &#8211; \u00dast\u0159ed\u00ed lidov\u00e9 um\u011bleck\u00e9 v\u00fdroby &#8211; v 90. letech. Ve stejn\u00e9m stylu k dispozici i stoli\u010dky, &#8222;lavi\u010dka&#8220;, v\u011b\u0161\u00e1k a zrcadlo.<\/p>\n<p>Stav: dobr\u00fd vinatge<br \/>\nZna\u010dka: Jipro pro \u00daLUV<br \/>\nRozm\u011br<br \/>\nV\u00fd\u0161ka: 56 cm<br \/>\nPr\u016fm\u011br: 55 cm<\/p>\n","protected":false},"excerpt":{"rendered":"<p>Prout\u011bn\u00fd stolek vyroben pro \u00daLUV &#8211; \u00dast\u0159ed\u00ed lidov\u00e9 um\u011bleck\u00e9 v\u00fdroby &#8211; v 90. letech. Ve stejn\u00e9m stylu k dispozici i<\/p>\n","protected":false},"featured_media":11462,"template":"","meta":[],"product_brand":[153],"product_cat":[91],"product_tag":[],"class_list":{"0":"post-11461","1":"product","2":"type-product","3":"status-publish","4":"has-post-thumbnail","6":"product_brand-eterle-cz","7":"product_cat-prodane","8":"product_shipping_class-nadrozmerne","10":"first","11":"outofstock","12":"purchasable","13":"product-type-simple"},"_links":{"self":[{"href":"https:\/\/eterle.cz\/eshop\/wp-json\/wp\/v2\/product\/11461","targetHints":{"allow":["GET"]}}],"collection":[{"href":"https:\/\/eterle.cz\/eshop\/wp-json\/wp\/v2\/product"}],"about":[{"href":"https:\/\/eterle.cz\/eshop\/wp-json\/wp\/v2\/types\/product"}],"version-history":[{"count":3,"href":"https:\/\/eterle.cz\/eshop\/wp-json\/wp\/v2\/product\/11461\/revisions"}],"predecessor-version":[{"id":35374,"href":"https:\/\/eterle.cz\/eshop\/wp-json\/wp\/v2\/product\/11461\/revisions\/35374"}],"wp:featuredmedia":[{"embeddable":true,"href":"https:\/\/eterle.cz\/eshop\/wp-json\/wp\/v2\/media\/11462"}],"wp:attachment":[{"href":"https:\/\/eterle.cz\/eshop\/wp-json\/wp\/v2\/media?parent=11461"}],"wp:term":[{"taxonomy":"product_brand","embeddable":true,"href":"https:\/\/eterle.cz\/eshop\/wp-json\/wp\/v2\/product_brand?post=11461"},{"taxonomy":"product_cat","embeddable":true,"href":"https:\/\/eterle.cz\/eshop\/wp-json\/wp\/v2\/product_cat?post=11461"},{"taxonomy":"product_tag","embeddable":true,"href":"https:\/\/eterle.cz\/eshop\/wp-json\/wp\/v2\/product_tag?post=11461"}],"curies":[{"name":"wp","href":"https:\/\/api.w.org\/{rel}","templated":true}]}}