{"id":11473,"date":"2022-09-11T23:26:15","date_gmt":"2022-09-11T21:26:15","guid":{"rendered":"https:\/\/eterle.cz\/eshop\/produkt\/prouteny-vesak-jipro-pro-uluv\/"},"modified":"2025-02-16T02:58:03","modified_gmt":"2025-02-16T01:58:03","slug":"prouteny-vesak-jipro-pro-uluv","status":"publish","type":"product","link":"https:\/\/eterle.cz\/eshop\/produkt\/prouteny-vesak-jipro-pro-uluv\/","title":{"rendered":"Prout\u011bn\u00fd v\u011b\u0161\u00e1k \/ Jipro pro \u00daLUV"},"content":{"rendered":"<p>Prout\u011bn\u00fd v\u011b\u0161\u00e1k vyroben pro \u00daLUV &#8211; \u00dast\u0159ed\u00ed lidov\u00e9 um\u011bleck\u00e9 v\u00fdroby &#8211; v 90. letech. Ve stejn\u00e9m stylu k dispozici i stolek, stoli\u010dky, &#8222;lavi\u010dka&#8220; a zrcadlo.<\/p>\n<p>Stav: dobr\u00fd vinatge, na jedn\u00e9 stran\u011b zezadu tro\u0161ku pol\u00e1man\u00e9 prout\u00ed<br \/>\nZna\u010dka: Jipro pro \u00daLUV<br \/>\nRozm\u011br: 69,5 x 21 cm<\/p>\n","protected":false},"excerpt":{"rendered":"<p>Prout\u011bn\u00fd v\u011b\u0161\u00e1k vyroben pro \u00daLUV &#8211; \u00dast\u0159ed\u00ed lidov\u00e9 um\u011bleck\u00e9 v\u00fdroby &#8211; v 90. letech. Ve stejn\u00e9m stylu k dispozici i<\/p>\n","protected":false},"featured_media":11474,"template":"","meta":[],"product_brand":[153],"product_cat":[91],"product_tag":[],"class_list":{"0":"post-11473","1":"product","2":"type-product","3":"status-publish","4":"has-post-thumbnail","6":"product_brand-eterle-cz","7":"product_cat-prodane","8":"product_shipping_class-nadrozmerne","10":"first","11":"outofstock","12":"purchasable","13":"product-type-simple"},"_links":{"self":[{"href":"https:\/\/eterle.cz\/eshop\/wp-json\/wp\/v2\/product\/11473","targetHints":{"allow":["GET"]}}],"collection":[{"href":"https:\/\/eterle.cz\/eshop\/wp-json\/wp\/v2\/product"}],"about":[{"href":"https:\/\/eterle.cz\/eshop\/wp-json\/wp\/v2\/types\/product"}],"version-history":[{"count":0,"href":"https:\/\/eterle.cz\/eshop\/wp-json\/wp\/v2\/product\/11473\/revisions"}],"wp:featuredmedia":[{"embeddable":true,"href":"https:\/\/eterle.cz\/eshop\/wp-json\/wp\/v2\/media\/11474"}],"wp:attachment":[{"href":"https:\/\/eterle.cz\/eshop\/wp-json\/wp\/v2\/media?parent=11473"}],"wp:term":[{"taxonomy":"product_brand","embeddable":true,"href":"https:\/\/eterle.cz\/eshop\/wp-json\/wp\/v2\/product_brand?post=11473"},{"taxonomy":"product_cat","embeddable":true,"href":"https:\/\/eterle.cz\/eshop\/wp-json\/wp\/v2\/product_cat?post=11473"},{"taxonomy":"product_tag","embeddable":true,"href":"https:\/\/eterle.cz\/eshop\/wp-json\/wp\/v2\/product_tag?post=11473"}],"curies":[{"name":"wp","href":"https:\/\/api.w.org\/{rel}","templated":true}]}}