{"id":11478,"date":"2022-09-11T23:26:26","date_gmt":"2022-09-11T21:26:26","guid":{"rendered":"https:\/\/eterle.cz\/eshop\/produkt\/proutena-lavicka-jipro-pro-uluv\/"},"modified":"2025-06-24T01:52:51","modified_gmt":"2025-06-23T23:52:51","slug":"proutena-lavicka-jipro-pro-uluv","status":"publish","type":"product","link":"https:\/\/eterle.cz\/eshop\/produkt\/proutena-lavicka-jipro-pro-uluv\/","title":{"rendered":"Prout\u011bn\u00e1 &#8222;lavi\u010dka&#8220; \/ Jipro pro \u00daLUV"},"content":{"rendered":"<p>Prout\u011bn\u00e1 lavi\u010dka vyrobena pro \u00daLUV &#8211; \u00dast\u0159ed\u00ed lidov\u00e9 um\u011bleck\u00e9 v\u00fdroby &#8211; v 90. letech. Vhodn\u00e1 t\u0159eba na chodbu na odlo\u017een\u00ed kabelky. Ve stejn\u00e9m stylu k dispozici i stolek, stoli\u010dky, v\u011b\u0161\u00e1k a zrcadlo.<\/p>\n<p>Stav: dobr\u00fd vinatge<br \/>\nZna\u010dka: Jipro pro \u00daLUV<br \/>\nRozm\u011br: 60 x 28 cm<br \/>\nV\u00fd\u0161ka: 31 cm<\/p>\n","protected":false},"excerpt":{"rendered":"<p>Prout\u011bn\u00e1 lavi\u010dka vyrobena pro \u00daLUV &#8211; \u00dast\u0159ed\u00ed lidov\u00e9 um\u011bleck\u00e9 v\u00fdroby &#8211; v 90. letech. Vhodn\u00e1 t\u0159eba na chodbu na odlo\u017een\u00ed<\/p>\n","protected":false},"featured_media":11479,"template":"","meta":[],"product_brand":[153],"product_cat":[130],"product_tag":[],"class_list":{"0":"post-11478","1":"product","2":"type-product","3":"status-publish","4":"has-post-thumbnail","6":"product_brand-eterle-cz","7":"product_cat-nabytek","8":"product_shipping_class-nadrozmerne","10":"first","11":"instock","12":"purchasable","13":"product-type-simple"},"_links":{"self":[{"href":"https:\/\/eterle.cz\/eshop\/wp-json\/wp\/v2\/product\/11478","targetHints":{"allow":["GET"]}}],"collection":[{"href":"https:\/\/eterle.cz\/eshop\/wp-json\/wp\/v2\/product"}],"about":[{"href":"https:\/\/eterle.cz\/eshop\/wp-json\/wp\/v2\/types\/product"}],"version-history":[{"count":1,"href":"https:\/\/eterle.cz\/eshop\/wp-json\/wp\/v2\/product\/11478\/revisions"}],"predecessor-version":[{"id":26214,"href":"https:\/\/eterle.cz\/eshop\/wp-json\/wp\/v2\/product\/11478\/revisions\/26214"}],"wp:featuredmedia":[{"embeddable":true,"href":"https:\/\/eterle.cz\/eshop\/wp-json\/wp\/v2\/media\/11479"}],"wp:attachment":[{"href":"https:\/\/eterle.cz\/eshop\/wp-json\/wp\/v2\/media?parent=11478"}],"wp:term":[{"taxonomy":"product_brand","embeddable":true,"href":"https:\/\/eterle.cz\/eshop\/wp-json\/wp\/v2\/product_brand?post=11478"},{"taxonomy":"product_cat","embeddable":true,"href":"https:\/\/eterle.cz\/eshop\/wp-json\/wp\/v2\/product_cat?post=11478"},{"taxonomy":"product_tag","embeddable":true,"href":"https:\/\/eterle.cz\/eshop\/wp-json\/wp\/v2\/product_tag?post=11478"}],"curies":[{"name":"wp","href":"https:\/\/api.w.org\/{rel}","templated":true}]}}