{"id":11484,"date":"2022-09-11T23:26:36","date_gmt":"2022-09-11T21:26:36","guid":{"rendered":"https:\/\/eterle.cz\/eshop\/produkt\/prouteny-taburet\/"},"modified":"2025-02-16T02:58:02","modified_gmt":"2025-02-16T01:58:02","slug":"prouteny-taburet","status":"publish","type":"product","link":"https:\/\/eterle.cz\/eshop\/produkt\/prouteny-taburet\/","title":{"rendered":"Prout\u011bn\u00fd taburet"},"content":{"rendered":"<p>Origin\u00e1ln\u00ed prout\u011bn\u00fd taburet bude vhodn\u00fdm dopl\u0148kem sezen\u00ed v ob\u00fdv\u00e1ku nebo jako stoli\u010dka do chodby na kabelku \u010di p\u0159i obouv\u00e1n\u00ed bot.<\/p>\n<p>Stav: dobr\u00fd vintage, pouze na tmav\u0161\u00ed flek na jedn\u00e9 noze<br \/>\nRozm\u011br<br \/>\nV\u00fd\u0161ka: 40<br \/>\nPr\u016fm\u011br: 46 cm<\/p>\n","protected":false},"excerpt":{"rendered":"<p>Origin\u00e1ln\u00ed prout\u011bn\u00fd taburet bude vhodn\u00fdm dopl\u0148kem sezen\u00ed v ob\u00fdv\u00e1ku nebo jako stoli\u010dka do chodby na kabelku \u010di p\u0159i obouv\u00e1n\u00ed bot.<\/p>\n","protected":false},"featured_media":11485,"template":"","meta":[],"product_brand":[153],"product_cat":[91],"product_tag":[],"class_list":{"0":"post-11484","1":"product","2":"type-product","3":"status-publish","4":"has-post-thumbnail","6":"product_brand-eterle-cz","7":"product_cat-prodane","8":"product_shipping_class-nadrozmerne","10":"first","11":"outofstock","12":"purchasable","13":"product-type-simple"},"_links":{"self":[{"href":"https:\/\/eterle.cz\/eshop\/wp-json\/wp\/v2\/product\/11484","targetHints":{"allow":["GET"]}}],"collection":[{"href":"https:\/\/eterle.cz\/eshop\/wp-json\/wp\/v2\/product"}],"about":[{"href":"https:\/\/eterle.cz\/eshop\/wp-json\/wp\/v2\/types\/product"}],"version-history":[{"count":0,"href":"https:\/\/eterle.cz\/eshop\/wp-json\/wp\/v2\/product\/11484\/revisions"}],"wp:featuredmedia":[{"embeddable":true,"href":"https:\/\/eterle.cz\/eshop\/wp-json\/wp\/v2\/media\/11485"}],"wp:attachment":[{"href":"https:\/\/eterle.cz\/eshop\/wp-json\/wp\/v2\/media?parent=11484"}],"wp:term":[{"taxonomy":"product_brand","embeddable":true,"href":"https:\/\/eterle.cz\/eshop\/wp-json\/wp\/v2\/product_brand?post=11484"},{"taxonomy":"product_cat","embeddable":true,"href":"https:\/\/eterle.cz\/eshop\/wp-json\/wp\/v2\/product_cat?post=11484"},{"taxonomy":"product_tag","embeddable":true,"href":"https:\/\/eterle.cz\/eshop\/wp-json\/wp\/v2\/product_tag?post=11484"}],"curies":[{"name":"wp","href":"https:\/\/api.w.org\/{rel}","templated":true}]}}