{"id":11491,"date":"2022-09-11T23:26:50","date_gmt":"2022-09-11T21:26:50","guid":{"rendered":"https:\/\/eterle.cz\/eshop\/produkt\/stolicka-krasna-jizba\/"},"modified":"2025-02-16T02:58:02","modified_gmt":"2025-02-16T01:58:02","slug":"stolicka-krasna-jizba","status":"publish","type":"product","link":"https:\/\/eterle.cz\/eshop\/produkt\/stolicka-krasna-jizba\/","title":{"rendered":"Stoli\u010dka \/ Kr\u00e1sn\u00e1 jizba"},"content":{"rendered":"<p>Prout\u011bn\u00e1 stoli\u010dka jako vhodn\u00fd dopln\u011bk pro z\u00fatuln\u011bn\u00ed t\u00e9m\u011b\u0159 jak\u00e9hokoliv koutu v interi\u00e9ru. Poslou\u017e\u00ed dob\u0159e jako dopln\u011bk sezen\u00ed v ob\u00fdv\u00e1ku, jako stoli\u010dka u toaletn\u00edho stolku, v \u0161atn\u011b na odlo\u017een\u00ed oble\u010den\u00ed \u010di v chodb\u011b na p\u0159ezouvan\u00ed.<\/p>\n<p>Stav: dobr\u00fd vinatge, m\u00edsty vy\u0161isovan\u00e9, slab\u011b viditeln\u00e1 mapa od vody. D\u0159evo patina.<br \/>\nZna\u010dka: Kr\u00e1sn\u00e1 jizba<br \/>\nRozm\u011br: 40 x 59<br \/>\nV\u00fd\u0161ka: 40 cm<\/p>\n","protected":false},"excerpt":{"rendered":"<p>Prout\u011bn\u00e1 stoli\u010dka jako vhodn\u00fd dopln\u011bk pro z\u00fatuln\u011bn\u00ed t\u00e9m\u011b\u0159 jak\u00e9hokoliv koutu v interi\u00e9ru. Poslou\u017e\u00ed dob\u0159e jako dopln\u011bk sezen\u00ed v ob\u00fdv\u00e1ku, jako<\/p>\n","protected":false},"featured_media":11492,"template":"","meta":[],"product_brand":[153],"product_cat":[91],"product_tag":[],"class_list":{"0":"post-11491","1":"product","2":"type-product","3":"status-publish","4":"has-post-thumbnail","6":"product_brand-eterle-cz","7":"product_cat-prodane","8":"product_shipping_class-nadrozmerne","10":"first","11":"outofstock","12":"purchasable","13":"product-type-simple"},"_links":{"self":[{"href":"https:\/\/eterle.cz\/eshop\/wp-json\/wp\/v2\/product\/11491","targetHints":{"allow":["GET"]}}],"collection":[{"href":"https:\/\/eterle.cz\/eshop\/wp-json\/wp\/v2\/product"}],"about":[{"href":"https:\/\/eterle.cz\/eshop\/wp-json\/wp\/v2\/types\/product"}],"version-history":[{"count":1,"href":"https:\/\/eterle.cz\/eshop\/wp-json\/wp\/v2\/product\/11491\/revisions"}],"predecessor-version":[{"id":17345,"href":"https:\/\/eterle.cz\/eshop\/wp-json\/wp\/v2\/product\/11491\/revisions\/17345"}],"wp:featuredmedia":[{"embeddable":true,"href":"https:\/\/eterle.cz\/eshop\/wp-json\/wp\/v2\/media\/11492"}],"wp:attachment":[{"href":"https:\/\/eterle.cz\/eshop\/wp-json\/wp\/v2\/media?parent=11491"}],"wp:term":[{"taxonomy":"product_brand","embeddable":true,"href":"https:\/\/eterle.cz\/eshop\/wp-json\/wp\/v2\/product_brand?post=11491"},{"taxonomy":"product_cat","embeddable":true,"href":"https:\/\/eterle.cz\/eshop\/wp-json\/wp\/v2\/product_cat?post=11491"},{"taxonomy":"product_tag","embeddable":true,"href":"https:\/\/eterle.cz\/eshop\/wp-json\/wp\/v2\/product_tag?post=11491"}],"curies":[{"name":"wp","href":"https:\/\/api.w.org\/{rel}","templated":true}]}}