{"id":11500,"date":"2022-09-11T23:27:07","date_gmt":"2022-09-11T21:27:07","guid":{"rendered":"https:\/\/eterle.cz\/eshop\/produkt\/kreslo-po-renovaci\/"},"modified":"2025-02-16T02:58:02","modified_gmt":"2025-02-16T01:58:02","slug":"kreslo-po-renovaci","status":"publish","type":"product","link":"https:\/\/eterle.cz\/eshop\/produkt\/kreslo-po-renovaci\/","title":{"rendered":"K\u0159eslo po renovaci"},"content":{"rendered":"<p>K\u0159eslo velmi podobn\u00e9 obl\u00edben\u00fdm k\u0159esl\u016fm Halbala typ C, li\u0161\u00ed se pouze v detailu ohnut\u00ed podru\u010dek. D\u0159ev\u011bn\u00e9 \u010d\u00e1sti k\u0159esla pro\u0161ly kompletn\u00ed renovac\u00ed, nov\u00e1 je tak\u00e9 potahov\u00e1 l\u00e1tka.<\/p>\n<p>Stav: nov\u00e9 \u010daloun\u011bn\u00ed, renovace d\u0159eva<br \/>\nRozm\u011br<br \/>\nV\u00fd\u0161ka: 74 cm<br \/>\nV\u00fd\u0161ka sed\u00e1ku: 44 cm<br \/>\n\u0160\u00ed\u0159ka: 68 cm<br \/>\n\u0160\u00ed\u0159ka sed\u00e1ku: 57 cm<br \/>\nHloubka sed\u00e1ku: 54 cm<\/p>\n","protected":false},"excerpt":{"rendered":"<p>K\u0159eslo velmi podobn\u00e9 obl\u00edben\u00fdm k\u0159esl\u016fm Halbala typ C, li\u0161\u00ed se pouze v detailu ohnut\u00ed podru\u010dek. D\u0159ev\u011bn\u00e9 \u010d\u00e1sti k\u0159esla pro\u0161ly kompletn\u00ed<\/p>\n","protected":false},"featured_media":11501,"template":"","meta":[],"product_brand":[153],"product_cat":[91],"product_tag":[],"class_list":{"0":"post-11500","1":"product","2":"type-product","3":"status-publish","4":"has-post-thumbnail","6":"product_brand-eterle-cz","7":"product_cat-prodane","8":"product_shipping_class-nadrozmerne","10":"first","11":"outofstock","12":"purchasable","13":"product-type-simple"},"_links":{"self":[{"href":"https:\/\/eterle.cz\/eshop\/wp-json\/wp\/v2\/product\/11500","targetHints":{"allow":["GET"]}}],"collection":[{"href":"https:\/\/eterle.cz\/eshop\/wp-json\/wp\/v2\/product"}],"about":[{"href":"https:\/\/eterle.cz\/eshop\/wp-json\/wp\/v2\/types\/product"}],"version-history":[{"count":0,"href":"https:\/\/eterle.cz\/eshop\/wp-json\/wp\/v2\/product\/11500\/revisions"}],"wp:featuredmedia":[{"embeddable":true,"href":"https:\/\/eterle.cz\/eshop\/wp-json\/wp\/v2\/media\/11501"}],"wp:attachment":[{"href":"https:\/\/eterle.cz\/eshop\/wp-json\/wp\/v2\/media?parent=11500"}],"wp:term":[{"taxonomy":"product_brand","embeddable":true,"href":"https:\/\/eterle.cz\/eshop\/wp-json\/wp\/v2\/product_brand?post=11500"},{"taxonomy":"product_cat","embeddable":true,"href":"https:\/\/eterle.cz\/eshop\/wp-json\/wp\/v2\/product_cat?post=11500"},{"taxonomy":"product_tag","embeddable":true,"href":"https:\/\/eterle.cz\/eshop\/wp-json\/wp\/v2\/product_tag?post=11500"}],"curies":[{"name":"wp","href":"https:\/\/api.w.org\/{rel}","templated":true}]}}