{"id":11568,"date":"2022-10-11T22:16:41","date_gmt":"2022-10-11T20:16:41","guid":{"rendered":"https:\/\/eterle.cz\/eshop\/produkt\/toaletka-halabala\/"},"modified":"2025-06-24T01:52:51","modified_gmt":"2025-06-23T23:52:51","slug":"toaletka-halabala","status":"publish","type":"product","link":"https:\/\/eterle.cz\/eshop\/produkt\/toaletka-halabala\/","title":{"rendered":"Toaletka \/ Halabala"},"content":{"rendered":"<p>Toaletka z 50. let 20. stolet\u00ed dle designu Jind\u0159icha Halabaly, vyrobena v UP z\u00e1vodech. P\u0159edn\u00ed \u010d\u00e1st dv\u00ed\u0159ek je intarzovan\u00e1 do vzoru \u0161achovnice. Uvnit\u0159 sk\u0159\u00ed\u0148ky jsou dv\u011b praktick\u00e9 poli\u010dky z oh\u00fdban\u00e9 p\u0159ekli\u017eky. Na horn\u00ed desce sk\u0159\u00ed\u0148ky je p\u016fvodn\u00ed opaxitov\u00e9 sklo.<\/p>\n<p>Stav: p\u016fvodn\u00ed stav, \u010d\u00e1ste\u010dn\u011b ur\u010deno k renovaci. M\u00edsty chyb\u011bj\u00edc\u00ed d\u00fdha, jedna poli\u010dka uvnit\u0159 poni\u010dena asi od kosmetiky. Zezadu dole chyb\u00ed prkno, toaletka stoj\u00ed na &#8222;\u0161pal\u00ed\u010dku&#8220;. P\u0159edn\u00ed doln\u00ed ozdobn\u00e1 li\u0161ta je v po\u0159\u00e1dku.<br \/>\nZna\u010dka: Jind\u0159ich Halabala<br \/>\nRozm\u011br<br \/>\nV\u00fd\u0161ka: 167 cm<br \/>\n\u0160\u00ed\u0159ka: 112 cm<br \/>\nHloubka: 40 cm<\/p>\n","protected":false},"excerpt":{"rendered":"<p>Toaletka z 50. let 20. stolet\u00ed dle designu Jind\u0159icha Halabaly, vyrobena v UP z\u00e1vodech. P\u0159edn\u00ed \u010d\u00e1st dv\u00ed\u0159ek je intarzovan\u00e1 do<\/p>\n","protected":false},"featured_media":11569,"template":"","meta":[],"product_brand":[153],"product_cat":[130,125],"product_tag":[],"class_list":{"0":"post-11568","1":"product","2":"type-product","3":"status-publish","4":"has-post-thumbnail","6":"product_brand-eterle-cz","7":"product_cat-nabytek","8":"product_cat-komody-a-skrine","9":"product_shipping_class-nadrozmerne","11":"first","12":"instock","13":"purchasable","14":"product-type-simple"},"_links":{"self":[{"href":"https:\/\/eterle.cz\/eshop\/wp-json\/wp\/v2\/product\/11568","targetHints":{"allow":["GET"]}}],"collection":[{"href":"https:\/\/eterle.cz\/eshop\/wp-json\/wp\/v2\/product"}],"about":[{"href":"https:\/\/eterle.cz\/eshop\/wp-json\/wp\/v2\/types\/product"}],"version-history":[{"count":1,"href":"https:\/\/eterle.cz\/eshop\/wp-json\/wp\/v2\/product\/11568\/revisions"}],"predecessor-version":[{"id":26213,"href":"https:\/\/eterle.cz\/eshop\/wp-json\/wp\/v2\/product\/11568\/revisions\/26213"}],"wp:featuredmedia":[{"embeddable":true,"href":"https:\/\/eterle.cz\/eshop\/wp-json\/wp\/v2\/media\/11569"}],"wp:attachment":[{"href":"https:\/\/eterle.cz\/eshop\/wp-json\/wp\/v2\/media?parent=11568"}],"wp:term":[{"taxonomy":"product_brand","embeddable":true,"href":"https:\/\/eterle.cz\/eshop\/wp-json\/wp\/v2\/product_brand?post=11568"},{"taxonomy":"product_cat","embeddable":true,"href":"https:\/\/eterle.cz\/eshop\/wp-json\/wp\/v2\/product_cat?post=11568"},{"taxonomy":"product_tag","embeddable":true,"href":"https:\/\/eterle.cz\/eshop\/wp-json\/wp\/v2\/product_tag?post=11568"}],"curies":[{"name":"wp","href":"https:\/\/api.w.org\/{rel}","templated":true}]}}