{"id":11581,"date":"2022-10-11T22:17:15","date_gmt":"2022-10-11T20:17:15","guid":{"rendered":"https:\/\/eterle.cz\/eshop\/produkt\/toaletka-2\/"},"modified":"2025-02-16T02:58:01","modified_gmt":"2025-02-16T01:58:01","slug":"toaletka-2","status":"publish","type":"product","link":"https:\/\/eterle.cz\/eshop\/produkt\/toaletka-2\/","title":{"rendered":"Toaletka"},"content":{"rendered":"<p style=\"padding-left: 40px;\">Origin\u00e1ln\u00ed toaletn\u00ed sk\u0159\u00ed\u0148ka z 50. let 20. stolet\u00ed, vyrobena v UP z\u00e1vodech.<\/p>\n<p>Stav: velmi zachoval\u00fd p\u016fvodn\u00ed. U jedn\u00e9 nohy vp\u0159edu u\u0161t\u00edpnut\u00fd kousek d\u00fdhy.<br \/>\nRozm\u011br<br \/>\nV\u00fd\u0161ka: 170 cm<br \/>\n\u0160\u00ed\u0159ka: 110 cm<br \/>\nHloubka: 39 cm<\/p>\n","protected":false},"excerpt":{"rendered":"<p>Origin\u00e1ln\u00ed toaletn\u00ed sk\u0159\u00ed\u0148ka z 50. let 20. stolet\u00ed, vyrobena v UP z\u00e1vodech. Stav: velmi zachoval\u00fd p\u016fvodn\u00ed. U jedn\u00e9 nohy vp\u0159edu<\/p>\n","protected":false},"featured_media":11582,"template":"","meta":[],"product_brand":[153],"product_cat":[91],"product_tag":[],"class_list":{"0":"post-11581","1":"product","2":"type-product","3":"status-publish","4":"has-post-thumbnail","6":"product_brand-eterle-cz","7":"product_cat-prodane","8":"product_shipping_class-nadrozmerne","10":"first","11":"outofstock","12":"sale","13":"purchasable","14":"product-type-simple"},"_links":{"self":[{"href":"https:\/\/eterle.cz\/eshop\/wp-json\/wp\/v2\/product\/11581","targetHints":{"allow":["GET"]}}],"collection":[{"href":"https:\/\/eterle.cz\/eshop\/wp-json\/wp\/v2\/product"}],"about":[{"href":"https:\/\/eterle.cz\/eshop\/wp-json\/wp\/v2\/types\/product"}],"version-history":[{"count":0,"href":"https:\/\/eterle.cz\/eshop\/wp-json\/wp\/v2\/product\/11581\/revisions"}],"wp:featuredmedia":[{"embeddable":true,"href":"https:\/\/eterle.cz\/eshop\/wp-json\/wp\/v2\/media\/11582"}],"wp:attachment":[{"href":"https:\/\/eterle.cz\/eshop\/wp-json\/wp\/v2\/media?parent=11581"}],"wp:term":[{"taxonomy":"product_brand","embeddable":true,"href":"https:\/\/eterle.cz\/eshop\/wp-json\/wp\/v2\/product_brand?post=11581"},{"taxonomy":"product_cat","embeddable":true,"href":"https:\/\/eterle.cz\/eshop\/wp-json\/wp\/v2\/product_cat?post=11581"},{"taxonomy":"product_tag","embeddable":true,"href":"https:\/\/eterle.cz\/eshop\/wp-json\/wp\/v2\/product_tag?post=11581"}],"curies":[{"name":"wp","href":"https:\/\/api.w.org\/{rel}","templated":true}]}}