{"id":11592,"date":"2022-10-11T22:17:39","date_gmt":"2022-10-11T20:17:39","guid":{"rendered":"https:\/\/eterle.cz\/eshop\/produkt\/konferencni-stolek-2\/"},"modified":"2025-02-16T02:58:01","modified_gmt":"2025-02-16T01:58:01","slug":"konferencni-stolek-2","status":"publish","type":"product","link":"https:\/\/eterle.cz\/eshop\/produkt\/konferencni-stolek-2\/","title":{"rendered":"Konferen\u010dn\u00ed stolek"},"content":{"rendered":"<p>Konferen\u010dn\u00ed stolek v proveden\u00ed o\u0159ech buk s v\u00fdraznou kresbou p\u0159ipom\u00ednaj\u00edc\u00ed mot\u00fdl\u00ed k\u0159\u00eddla. Jednou z p\u0159ednost\u00ed tohoto stoleku je poli\u010dka vhodn\u00e1 na odle\u017een\u00ed knihy \u010di \u010dasopis\u016f.<\/p>\n<p>Stav: zachoval\u00fd p\u016fvodn\u00ed stav s drobn\u00fdm\u00ed zn\u00e1mkami pou\u017e\u00edv\u00e1n\u00ed<br \/>\nZna\u010dka: Mier, Topol\u010dany<br \/>\nRozm\u011br<br \/>\nV\u00fd\u0161ka: 64 cm<br \/>\n\u0160\u00ed\u0159ka: 66,5 cm<br \/>\nHloubka: 66,5 cm<\/p>\n","protected":false},"excerpt":{"rendered":"<p>Konferen\u010dn\u00ed stolek v proveden\u00ed o\u0159ech buk s v\u00fdraznou kresbou p\u0159ipom\u00ednaj\u00edc\u00ed mot\u00fdl\u00ed k\u0159\u00eddla. Jednou z p\u0159ednost\u00ed tohoto stoleku je poli\u010dka vhodn\u00e1<\/p>\n","protected":false},"featured_media":11593,"template":"","meta":[],"product_brand":[153],"product_cat":[91],"product_tag":[],"class_list":{"0":"post-11592","1":"product","2":"type-product","3":"status-publish","4":"has-post-thumbnail","6":"product_brand-eterle-cz","7":"product_cat-prodane","8":"product_shipping_class-nadrozmerne","10":"first","11":"outofstock","12":"purchasable","13":"product-type-simple"},"_links":{"self":[{"href":"https:\/\/eterle.cz\/eshop\/wp-json\/wp\/v2\/product\/11592","targetHints":{"allow":["GET"]}}],"collection":[{"href":"https:\/\/eterle.cz\/eshop\/wp-json\/wp\/v2\/product"}],"about":[{"href":"https:\/\/eterle.cz\/eshop\/wp-json\/wp\/v2\/types\/product"}],"version-history":[{"count":0,"href":"https:\/\/eterle.cz\/eshop\/wp-json\/wp\/v2\/product\/11592\/revisions"}],"wp:featuredmedia":[{"embeddable":true,"href":"https:\/\/eterle.cz\/eshop\/wp-json\/wp\/v2\/media\/11593"}],"wp:attachment":[{"href":"https:\/\/eterle.cz\/eshop\/wp-json\/wp\/v2\/media?parent=11592"}],"wp:term":[{"taxonomy":"product_brand","embeddable":true,"href":"https:\/\/eterle.cz\/eshop\/wp-json\/wp\/v2\/product_brand?post=11592"},{"taxonomy":"product_cat","embeddable":true,"href":"https:\/\/eterle.cz\/eshop\/wp-json\/wp\/v2\/product_cat?post=11592"},{"taxonomy":"product_tag","embeddable":true,"href":"https:\/\/eterle.cz\/eshop\/wp-json\/wp\/v2\/product_tag?post=11592"}],"curies":[{"name":"wp","href":"https:\/\/api.w.org\/{rel}","templated":true}]}}