{"id":11600,"date":"2022-10-11T22:17:59","date_gmt":"2022-10-11T20:17:59","guid":{"rendered":"https:\/\/eterle.cz\/eshop\/produkt\/set-zidli-s-dirou\/"},"modified":"2025-02-16T02:58:00","modified_gmt":"2025-02-16T01:58:00","slug":"set-zidli-s-dirou","status":"publish","type":"product","link":"https:\/\/eterle.cz\/eshop\/produkt\/set-zidli-s-dirou\/","title":{"rendered":"Set \u017eidl\u00ed s d\u00edrou"},"content":{"rendered":"<p>Set obl\u00edben\u00fdch \u017eidl\u00ed s &#8222;d\u00edrou&#8220; , kter\u00e9 jsou vyrobeny z oh\u00fdban\u00e9 d\u00fdhovan\u00e9 p\u0159ekli\u017eky. \u017didl\u00ed v tomto stylu se vyr\u00e1b\u011blo velk\u00e9 mno\u017estv\u00ed a li\u0161\u00ed se p\u0159edev\u0161\u00edm tvarem a velikost\u00ed otovru<\/p>\n<p>Stav: p\u016fvodn\u00ed stav p\u0159ed renovac\u00ed, op\u011brdla od\u0159en\u00e1 od pou\u017e\u00edv\u00e1n\u00ed<br \/>\nRozm\u011br<br \/>\nV\u00fd\u0161ka: 79 cm<br \/>\n\u0160\u00ed\u0159ka: 42 cm<br \/>\nHloubka: 45 cm<br \/>\nHloubka sed\u00e1ku: 43 cm<\/p>\n","protected":false},"excerpt":{"rendered":"<p>Set obl\u00edben\u00fdch \u017eidl\u00ed s &#8222;d\u00edrou&#8220; , kter\u00e9 jsou vyrobeny z oh\u00fdban\u00e9 d\u00fdhovan\u00e9 p\u0159ekli\u017eky. \u017didl\u00ed v tomto stylu se vyr\u00e1b\u011blo velk\u00e9<\/p>\n","protected":false},"featured_media":11601,"template":"","meta":[],"product_brand":[153],"product_cat":[91],"product_tag":[],"class_list":{"0":"post-11600","1":"product","2":"type-product","3":"status-publish","4":"has-post-thumbnail","6":"product_brand-eterle-cz","7":"product_cat-prodane","8":"product_shipping_class-nadrozmerne","10":"first","11":"outofstock","12":"purchasable","13":"product-type-simple"},"_links":{"self":[{"href":"https:\/\/eterle.cz\/eshop\/wp-json\/wp\/v2\/product\/11600","targetHints":{"allow":["GET"]}}],"collection":[{"href":"https:\/\/eterle.cz\/eshop\/wp-json\/wp\/v2\/product"}],"about":[{"href":"https:\/\/eterle.cz\/eshop\/wp-json\/wp\/v2\/types\/product"}],"version-history":[{"count":1,"href":"https:\/\/eterle.cz\/eshop\/wp-json\/wp\/v2\/product\/11600\/revisions"}],"predecessor-version":[{"id":16386,"href":"https:\/\/eterle.cz\/eshop\/wp-json\/wp\/v2\/product\/11600\/revisions\/16386"}],"wp:featuredmedia":[{"embeddable":true,"href":"https:\/\/eterle.cz\/eshop\/wp-json\/wp\/v2\/media\/11601"}],"wp:attachment":[{"href":"https:\/\/eterle.cz\/eshop\/wp-json\/wp\/v2\/media?parent=11600"}],"wp:term":[{"taxonomy":"product_brand","embeddable":true,"href":"https:\/\/eterle.cz\/eshop\/wp-json\/wp\/v2\/product_brand?post=11600"},{"taxonomy":"product_cat","embeddable":true,"href":"https:\/\/eterle.cz\/eshop\/wp-json\/wp\/v2\/product_cat?post=11600"},{"taxonomy":"product_tag","embeddable":true,"href":"https:\/\/eterle.cz\/eshop\/wp-json\/wp\/v2\/product_tag?post=11600"}],"curies":[{"name":"wp","href":"https:\/\/api.w.org\/{rel}","templated":true}]}}