{"id":11623,"date":"2022-10-11T22:19:07","date_gmt":"2022-10-11T20:19:07","guid":{"rendered":"https:\/\/eterle.cz\/eshop\/produkt\/stul-pavouk-tmavy\/"},"modified":"2025-02-16T02:57:59","modified_gmt":"2025-02-16T01:57:59","slug":"stul-pavouk-tmavy","status":"publish","type":"product","link":"https:\/\/eterle.cz\/eshop\/produkt\/stul-pavouk-tmavy\/","title":{"rendered":"St\u016fl &#8222;pavouk&#8220; tmav\u00fd"},"content":{"rendered":"<p>Legend\u00e1rn\u00ed designov\u011b nad\u010dasov\u00fd stolek s ozna\u010den\u00edm H-259, kter\u00fd je zn\u00e1m\u00fd pod n\u00e1zvem pavouk navrhl v 50. letech 20. stolet\u00ed Jind\u0159icha Halabala pro \u00daP z\u00e1vody. Stolek pro\u0161el kompletn\u00ed renovac\u00ed.<\/p>\n<p>Stav: po renovaci<br \/>\nZna\u010dka: Halabala<br \/>\nRozm\u011br<br \/>\nV\u00fd\u0161ka: 64 cm<br \/>\n\u0160\u00ed\u0159ka: 65 cm<br \/>\nHloubka: 65 cm<\/p>\n","protected":false},"excerpt":{"rendered":"<p>Legend\u00e1rn\u00ed designov\u011b nad\u010dasov\u00fd stolek s ozna\u010den\u00edm H-259, kter\u00fd je zn\u00e1m\u00fd pod n\u00e1zvem pavouk navrhl v 50. letech 20. stolet\u00ed Jind\u0159icha<\/p>\n","protected":false},"featured_media":11624,"template":"","meta":[],"product_brand":[153],"product_cat":[91],"product_tag":[],"class_list":{"0":"post-11623","1":"product","2":"type-product","3":"status-publish","4":"has-post-thumbnail","6":"product_brand-eterle-cz","7":"product_cat-prodane","8":"product_shipping_class-nadrozmerne","10":"first","11":"outofstock","12":"purchasable","13":"product-type-simple"},"_links":{"self":[{"href":"https:\/\/eterle.cz\/eshop\/wp-json\/wp\/v2\/product\/11623","targetHints":{"allow":["GET"]}}],"collection":[{"href":"https:\/\/eterle.cz\/eshop\/wp-json\/wp\/v2\/product"}],"about":[{"href":"https:\/\/eterle.cz\/eshop\/wp-json\/wp\/v2\/types\/product"}],"version-history":[{"count":1,"href":"https:\/\/eterle.cz\/eshop\/wp-json\/wp\/v2\/product\/11623\/revisions"}],"predecessor-version":[{"id":12791,"href":"https:\/\/eterle.cz\/eshop\/wp-json\/wp\/v2\/product\/11623\/revisions\/12791"}],"wp:featuredmedia":[{"embeddable":true,"href":"https:\/\/eterle.cz\/eshop\/wp-json\/wp\/v2\/media\/11624"}],"wp:attachment":[{"href":"https:\/\/eterle.cz\/eshop\/wp-json\/wp\/v2\/media?parent=11623"}],"wp:term":[{"taxonomy":"product_brand","embeddable":true,"href":"https:\/\/eterle.cz\/eshop\/wp-json\/wp\/v2\/product_brand?post=11623"},{"taxonomy":"product_cat","embeddable":true,"href":"https:\/\/eterle.cz\/eshop\/wp-json\/wp\/v2\/product_cat?post=11623"},{"taxonomy":"product_tag","embeddable":true,"href":"https:\/\/eterle.cz\/eshop\/wp-json\/wp\/v2\/product_tag?post=11623"}],"curies":[{"name":"wp","href":"https:\/\/api.w.org\/{rel}","templated":true}]}}