{"id":11630,"date":"2022-10-11T22:19:22","date_gmt":"2022-10-11T20:19:22","guid":{"rendered":"https:\/\/eterle.cz\/eshop\/produkt\/calounene-kreslo-uluv\/"},"modified":"2025-06-24T01:52:50","modified_gmt":"2025-06-23T23:52:50","slug":"calounene-kreslo-uluv","status":"publish","type":"product","link":"https:\/\/eterle.cz\/eshop\/produkt\/calounene-kreslo-uluv\/","title":{"rendered":"\u010caloun\u011bn\u00e9 k\u0159eslo \/ Interi\u00e9r Praha"},"content":{"rendered":"<p>\u010caloun\u011bn\u00e9 k\u0159eslo z d\u00edlny Interi\u00e9r Praha m\u00e1 hranat\u011bj\u0161\u00ed tvar a p\u0159edev\u0161\u00edm zaj\u00edmav\u011b lomen\u00e9 op\u011bradlo.<\/p>\n<p>Stav: dobr\u00fd p\u016fvodn\u00ed stav, jen v m\u00edst\u011b, kde se potk\u00e1v\u00e1 op\u011bradlo se sed\u00e1kem je \u010daloun\u011bn\u00ed pod\u00e9ln\u011b roztr\u017een\u00e9 (viz foto)<br \/>\nZna\u010dka: \u00daLUV<br \/>\nRozm\u011br<br \/>\nV\u00fd\u0161ka: 82 cm<br \/>\nV\u00fd\u0161ka sed\u00e1ku: 40 cm<br \/>\n\u0160\u00ed\u0159ka: 57 cm<br \/>\n\u0160\u00ed\u0159ka sed\u00e1ku: 49 cm<br \/>\nHloubka: 70 cm<br \/>\nHloubka sed\u00e1ku: 52 cm<\/p>\n","protected":false},"excerpt":{"rendered":"<p>\u010caloun\u011bn\u00e9 k\u0159eslo z d\u00edlny Interi\u00e9r Praha m\u00e1 hranat\u011bj\u0161\u00ed tvar a p\u0159edev\u0161\u00edm zaj\u00edmav\u011b lomen\u00e9 op\u011bradlo. Stav: dobr\u00fd p\u016fvodn\u00ed stav, jen v<\/p>\n","protected":false},"featured_media":11631,"template":"","meta":[],"product_brand":[153],"product_cat":[130,122],"product_tag":[],"class_list":{"0":"post-11630","1":"product","2":"type-product","3":"status-publish","4":"has-post-thumbnail","6":"product_brand-eterle-cz","7":"product_cat-nabytek","8":"product_cat-kresla-a-taburety","9":"product_shipping_class-nadrozmerne","11":"first","12":"instock","13":"purchasable","14":"product-type-simple"},"_links":{"self":[{"href":"https:\/\/eterle.cz\/eshop\/wp-json\/wp\/v2\/product\/11630","targetHints":{"allow":["GET"]}}],"collection":[{"href":"https:\/\/eterle.cz\/eshop\/wp-json\/wp\/v2\/product"}],"about":[{"href":"https:\/\/eterle.cz\/eshop\/wp-json\/wp\/v2\/types\/product"}],"version-history":[{"count":2,"href":"https:\/\/eterle.cz\/eshop\/wp-json\/wp\/v2\/product\/11630\/revisions"}],"predecessor-version":[{"id":26212,"href":"https:\/\/eterle.cz\/eshop\/wp-json\/wp\/v2\/product\/11630\/revisions\/26212"}],"wp:featuredmedia":[{"embeddable":true,"href":"https:\/\/eterle.cz\/eshop\/wp-json\/wp\/v2\/media\/11631"}],"wp:attachment":[{"href":"https:\/\/eterle.cz\/eshop\/wp-json\/wp\/v2\/media?parent=11630"}],"wp:term":[{"taxonomy":"product_brand","embeddable":true,"href":"https:\/\/eterle.cz\/eshop\/wp-json\/wp\/v2\/product_brand?post=11630"},{"taxonomy":"product_cat","embeddable":true,"href":"https:\/\/eterle.cz\/eshop\/wp-json\/wp\/v2\/product_cat?post=11630"},{"taxonomy":"product_tag","embeddable":true,"href":"https:\/\/eterle.cz\/eshop\/wp-json\/wp\/v2\/product_tag?post=11630"}],"curies":[{"name":"wp","href":"https:\/\/api.w.org\/{rel}","templated":true}]}}