{"id":11643,"date":"2022-10-11T22:19:53","date_gmt":"2022-10-11T20:19:53","guid":{"rendered":"https:\/\/eterle.cz\/eshop\/produkt\/secesni-kresilko\/"},"modified":"2025-02-16T02:57:58","modified_gmt":"2025-02-16T01:57:58","slug":"secesni-kresilko","status":"publish","type":"product","link":"https:\/\/eterle.cz\/eshop\/produkt\/secesni-kresilko\/","title":{"rendered":"Secesn\u00ed k\u0159es\u00edlko"},"content":{"rendered":"<p>Kr\u00e1sn\u00e9 secesn\u00ed \u010daloun\u011bn\u00e9 k\u0159eslo. Z\u0159ejm\u011b vyrobeno firmou Thonet, ale zna\u010den\u00ed jsme nena\u0161ly. Ide\u00e1ln\u00ed do pracovny k psac\u00edmu stolu , ale lze d\u00e1t i do \u010dela stolu j\u00eddeln\u00edho nebo jako solit\u00e9r se stojac\u00ed lampou.<\/p>\n<p>Stav: vintage s drobnou patinou, drobn\u00e9 nedostatky vyfoceny &#8211; p\u0159edev\u0161\u00edm zespoda je utr\u017een jeden popruh<br \/>\nRozm\u011br<br \/>\nV\u00fd\u0161ka: 81 cm<br \/>\nV\u00fd\u0161ka sed\u00e1ku: 47 cm<br \/>\n\u0160\u00ed\u0159ka: 55 cm<br \/>\n\u0160\u00ed\u0159ka sed\u00e1ku: 45 cm<br \/>\nHloubka: 55 cm<br \/>\nHloubka sed\u00e1ku: 47 cm<\/p>\n","protected":false},"excerpt":{"rendered":"<p>Kr\u00e1sn\u00e9 secesn\u00ed \u010daloun\u011bn\u00e9 k\u0159eslo. Z\u0159ejm\u011b vyrobeno firmou Thonet, ale zna\u010den\u00ed jsme nena\u0161ly. Ide\u00e1ln\u00ed do pracovny k psac\u00edmu stolu , ale<\/p>\n","protected":false},"featured_media":11644,"template":"","meta":[],"product_brand":[153],"product_cat":[91],"product_tag":[],"class_list":{"0":"post-11643","1":"product","2":"type-product","3":"status-publish","4":"has-post-thumbnail","6":"product_brand-eterle-cz","7":"product_cat-prodane","8":"product_shipping_class-nadrozmerne","10":"first","11":"outofstock","12":"purchasable","13":"product-type-simple"},"_links":{"self":[{"href":"https:\/\/eterle.cz\/eshop\/wp-json\/wp\/v2\/product\/11643","targetHints":{"allow":["GET"]}}],"collection":[{"href":"https:\/\/eterle.cz\/eshop\/wp-json\/wp\/v2\/product"}],"about":[{"href":"https:\/\/eterle.cz\/eshop\/wp-json\/wp\/v2\/types\/product"}],"version-history":[{"count":0,"href":"https:\/\/eterle.cz\/eshop\/wp-json\/wp\/v2\/product\/11643\/revisions"}],"wp:featuredmedia":[{"embeddable":true,"href":"https:\/\/eterle.cz\/eshop\/wp-json\/wp\/v2\/media\/11644"}],"wp:attachment":[{"href":"https:\/\/eterle.cz\/eshop\/wp-json\/wp\/v2\/media?parent=11643"}],"wp:term":[{"taxonomy":"product_brand","embeddable":true,"href":"https:\/\/eterle.cz\/eshop\/wp-json\/wp\/v2\/product_brand?post=11643"},{"taxonomy":"product_cat","embeddable":true,"href":"https:\/\/eterle.cz\/eshop\/wp-json\/wp\/v2\/product_cat?post=11643"},{"taxonomy":"product_tag","embeddable":true,"href":"https:\/\/eterle.cz\/eshop\/wp-json\/wp\/v2\/product_tag?post=11643"}],"curies":[{"name":"wp","href":"https:\/\/api.w.org\/{rel}","templated":true}]}}