{"id":11656,"date":"2022-10-11T22:20:22","date_gmt":"2022-10-11T20:20:22","guid":{"rendered":"https:\/\/eterle.cz\/eshop\/produkt\/stul-trsatko\/"},"modified":"2025-02-16T02:57:58","modified_gmt":"2025-02-16T01:57:58","slug":"stul-trsatko","status":"publish","type":"product","link":"https:\/\/eterle.cz\/eshop\/produkt\/stul-trsatko\/","title":{"rendered":"St\u016fl trs\u00e1tko"},"content":{"rendered":"<p>Retro konferen\u010dn\u00ed stolek tzv. trs\u00e1tko z 60. let 20. stolet\u00ed. Dubov\u00e9 nohy, d\u00fdhovan\u00e1 deska a praktick\u00e1 poli\u010dka uprost\u0159ed na \u010dasopisy.<\/p>\n<p>Stav:dobr\u00fd p\u016fvodn\u00ed stav s lehkou patinou<br \/>\nRozm\u011br<br \/>\nV\u00fd\u0161ka: 66 cm<br \/>\n\u0160\u00ed\u0159ka: 71 cm<br \/>\nHloubka: 71 cm<\/p>\n","protected":false},"excerpt":{"rendered":"<p>Retro konferen\u010dn\u00ed stolek tzv. trs\u00e1tko z 60. let 20. stolet\u00ed. Dubov\u00e9 nohy, d\u00fdhovan\u00e1 deska a praktick\u00e1 poli\u010dka uprost\u0159ed na \u010dasopisy.<\/p>\n","protected":false},"featured_media":11657,"template":"","meta":[],"product_brand":[153],"product_cat":[91],"product_tag":[],"class_list":{"0":"post-11656","1":"product","2":"type-product","3":"status-publish","4":"has-post-thumbnail","6":"product_brand-eterle-cz","7":"product_cat-prodane","8":"product_shipping_class-nadrozmerne","10":"first","11":"outofstock","12":"purchasable","13":"product-type-simple"},"_links":{"self":[{"href":"https:\/\/eterle.cz\/eshop\/wp-json\/wp\/v2\/product\/11656","targetHints":{"allow":["GET"]}}],"collection":[{"href":"https:\/\/eterle.cz\/eshop\/wp-json\/wp\/v2\/product"}],"about":[{"href":"https:\/\/eterle.cz\/eshop\/wp-json\/wp\/v2\/types\/product"}],"version-history":[{"count":0,"href":"https:\/\/eterle.cz\/eshop\/wp-json\/wp\/v2\/product\/11656\/revisions"}],"wp:featuredmedia":[{"embeddable":true,"href":"https:\/\/eterle.cz\/eshop\/wp-json\/wp\/v2\/media\/11657"}],"wp:attachment":[{"href":"https:\/\/eterle.cz\/eshop\/wp-json\/wp\/v2\/media?parent=11656"}],"wp:term":[{"taxonomy":"product_brand","embeddable":true,"href":"https:\/\/eterle.cz\/eshop\/wp-json\/wp\/v2\/product_brand?post=11656"},{"taxonomy":"product_cat","embeddable":true,"href":"https:\/\/eterle.cz\/eshop\/wp-json\/wp\/v2\/product_cat?post=11656"},{"taxonomy":"product_tag","embeddable":true,"href":"https:\/\/eterle.cz\/eshop\/wp-json\/wp\/v2\/product_tag?post=11656"}],"curies":[{"name":"wp","href":"https:\/\/api.w.org\/{rel}","templated":true}]}}