{"id":11663,"date":"2022-10-11T22:20:35","date_gmt":"2022-10-11T20:20:35","guid":{"rendered":"https:\/\/eterle.cz\/eshop\/produkt\/kreslo-otocne-ligna\/"},"modified":"2025-02-16T02:57:57","modified_gmt":"2025-02-16T01:57:57","slug":"kreslo-otocne-ligna","status":"publish","type":"product","link":"https:\/\/eterle.cz\/eshop\/produkt\/kreslo-otocne-ligna\/","title":{"rendered":"K\u0159eslo oto\u010dn\u00e9 \/ Ligna"},"content":{"rendered":"<p>Oto\u010dn\u00e9 kancel\u00e1\u0159sk\u00e9 \u010daloun\u011bn\u00e9 k\u0159eslo bude nev\u0161edn\u00edm dopl\u0148kem psac\u00edho stolu. Podru\u010dky z oh\u00fdban\u00e9ho d\u0159eva maj\u00ed zaj\u00edmav\u00fd detail, nebo\u0165 jsou v horn\u00ed \u010d\u00e1sti p\u0159eru\u0161eny a p\u016fsob\u00ed tak velmi vzdu\u0161n\u011b. Pro v\u011bt\u0161\u00ed pohodl\u00ed je shora um\u00edst\u011bna je\u0161t\u011b ploch\u00e1 podru\u010dka.<\/p>\n<p>Stav: p\u016fvodn\u00ed zachoval\u00fd stav, nohy nesou m\u00edrn\u00e9 zn\u00e1mky po \u010dervoto\u010di, kter\u00fd je ji\u017e ale neaktivn\u00ed<br \/>\nZna\u010dka: Ligna, Czechoslovakia<br \/>\nRozm\u011br<br \/>\nV\u00fd\u0161ka: 88 cm<br \/>\n\u0160\u00ed\u0159ka: 60 cm<br \/>\n\u0160\u00ed\u0159ka sed\u00e1ku: 46 cm<br \/>\nHloubka: 52 cm<br \/>\nHloubka sed\u00e1ku: 45 cm<\/p>\n","protected":false},"excerpt":{"rendered":"<p>Oto\u010dn\u00e9 kancel\u00e1\u0159sk\u00e9 \u010daloun\u011bn\u00e9 k\u0159eslo bude nev\u0161edn\u00edm dopl\u0148kem psac\u00edho stolu. Podru\u010dky z oh\u00fdban\u00e9ho d\u0159eva maj\u00ed zaj\u00edmav\u00fd detail, nebo\u0165 jsou v horn\u00ed<\/p>\n","protected":false},"featured_media":11664,"template":"","meta":[],"product_brand":[153],"product_cat":[91],"product_tag":[],"class_list":{"0":"post-11663","1":"product","2":"type-product","3":"status-publish","4":"has-post-thumbnail","6":"product_brand-eterle-cz","7":"product_cat-prodane","8":"product_shipping_class-nadrozmerne","10":"first","11":"outofstock","12":"purchasable","13":"product-type-simple"},"_links":{"self":[{"href":"https:\/\/eterle.cz\/eshop\/wp-json\/wp\/v2\/product\/11663","targetHints":{"allow":["GET"]}}],"collection":[{"href":"https:\/\/eterle.cz\/eshop\/wp-json\/wp\/v2\/product"}],"about":[{"href":"https:\/\/eterle.cz\/eshop\/wp-json\/wp\/v2\/types\/product"}],"version-history":[{"count":0,"href":"https:\/\/eterle.cz\/eshop\/wp-json\/wp\/v2\/product\/11663\/revisions"}],"wp:featuredmedia":[{"embeddable":true,"href":"https:\/\/eterle.cz\/eshop\/wp-json\/wp\/v2\/media\/11664"}],"wp:attachment":[{"href":"https:\/\/eterle.cz\/eshop\/wp-json\/wp\/v2\/media?parent=11663"}],"wp:term":[{"taxonomy":"product_brand","embeddable":true,"href":"https:\/\/eterle.cz\/eshop\/wp-json\/wp\/v2\/product_brand?post=11663"},{"taxonomy":"product_cat","embeddable":true,"href":"https:\/\/eterle.cz\/eshop\/wp-json\/wp\/v2\/product_cat?post=11663"},{"taxonomy":"product_tag","embeddable":true,"href":"https:\/\/eterle.cz\/eshop\/wp-json\/wp\/v2\/product_tag?post=11663"}],"curies":[{"name":"wp","href":"https:\/\/api.w.org\/{rel}","templated":true}]}}