{"id":11675,"date":"2022-10-11T22:21:05","date_gmt":"2022-10-11T20:21:05","guid":{"rendered":"https:\/\/eterle.cz\/eshop\/produkt\/pianova-zidlicka\/"},"modified":"2025-02-16T02:57:57","modified_gmt":"2025-02-16T01:57:57","slug":"pianova-zidlicka","status":"publish","type":"product","link":"https:\/\/eterle.cz\/eshop\/produkt\/pianova-zidlicka\/","title":{"rendered":"Pi\u00e1nov\u00e1 \u017eidli\u010dka"},"content":{"rendered":"<p>Pi\u00e1nov\u00e1 stoli\u010dka z masivn\u00edho d\u0159eva m\u00e1 nastavitelnou v\u00fd\u0161ku d\u00edky \u0161roubovici. Jedn\u00e1 se o \u010deskou v\u00fdrobu a je bez polstrov\u00e1n\u00ed. Nem\u00e1te-li doma m\u00edsto na koloto\u010d, stoli\u010dka se jist\u011b vejde a d\u011bti se na ni zabav\u00ed skoro stejn\u011b dob\u0159e.<\/p>\n<p>Stav: vintage s patinou, lak popraskan\u00fd<br \/>\nRozm\u011br<br \/>\nV\u00fd\u0161ka max.: 60 cm<br \/>\nV\u00fd\u0161ka min.: 45 cm<br \/>\n\u0160\u00ed\u0159ka nohou: 50 cm<br \/>\nPr\u016fm\u011br sed\u00e1ku: 38 cm<\/p>\n","protected":false},"excerpt":{"rendered":"<p>Pi\u00e1nov\u00e1 stoli\u010dka z masivn\u00edho d\u0159eva m\u00e1 nastavitelnou v\u00fd\u0161ku d\u00edky \u0161roubovici. Jedn\u00e1 se o \u010deskou v\u00fdrobu a je bez polstrov\u00e1n\u00ed. Nem\u00e1te-li<\/p>\n","protected":false},"featured_media":11676,"template":"","meta":[],"product_brand":[153],"product_cat":[91],"product_tag":[],"class_list":{"0":"post-11675","1":"product","2":"type-product","3":"status-publish","4":"has-post-thumbnail","6":"product_brand-eterle-cz","7":"product_cat-prodane","8":"product_shipping_class-nadrozmerne","10":"first","11":"outofstock","12":"purchasable","13":"product-type-simple"},"_links":{"self":[{"href":"https:\/\/eterle.cz\/eshop\/wp-json\/wp\/v2\/product\/11675","targetHints":{"allow":["GET"]}}],"collection":[{"href":"https:\/\/eterle.cz\/eshop\/wp-json\/wp\/v2\/product"}],"about":[{"href":"https:\/\/eterle.cz\/eshop\/wp-json\/wp\/v2\/types\/product"}],"version-history":[{"count":0,"href":"https:\/\/eterle.cz\/eshop\/wp-json\/wp\/v2\/product\/11675\/revisions"}],"wp:featuredmedia":[{"embeddable":true,"href":"https:\/\/eterle.cz\/eshop\/wp-json\/wp\/v2\/media\/11676"}],"wp:attachment":[{"href":"https:\/\/eterle.cz\/eshop\/wp-json\/wp\/v2\/media?parent=11675"}],"wp:term":[{"taxonomy":"product_brand","embeddable":true,"href":"https:\/\/eterle.cz\/eshop\/wp-json\/wp\/v2\/product_brand?post=11675"},{"taxonomy":"product_cat","embeddable":true,"href":"https:\/\/eterle.cz\/eshop\/wp-json\/wp\/v2\/product_cat?post=11675"},{"taxonomy":"product_tag","embeddable":true,"href":"https:\/\/eterle.cz\/eshop\/wp-json\/wp\/v2\/product_tag?post=11675"}],"curies":[{"name":"wp","href":"https:\/\/api.w.org\/{rel}","templated":true}]}}