{"id":11685,"date":"2022-10-11T22:21:26","date_gmt":"2022-10-11T20:21:26","guid":{"rendered":"https:\/\/eterle.cz\/eshop\/produkt\/nocni-stolky-mezulanik\/"},"modified":"2025-02-16T02:57:56","modified_gmt":"2025-02-16T01:57:56","slug":"nocni-stolky-mezulanik","status":"publish","type":"product","link":"https:\/\/eterle.cz\/eshop\/produkt\/nocni-stolky-mezulanik\/","title":{"rendered":"No\u010dn\u00ed stolky \/ Mezul\u00e1nik"},"content":{"rendered":"<p>Set legend\u00e1rn\u00edch no\u010dn\u00edch stolk\u016f z 60. let 20. stolet\u00ed od n\u00e1vrh\u00e1\u0159e Franti\u0161k Mezul\u00e1nika. N\u00e1vrhy tohoto zn\u00e1m\u00e9ho architekta jsou charakteristick\u00e9 svou prakti\u010dnost\u00ed,  jednoduch\u00fdmi liniemi a nad\u010dasovost\u00ed. No\u010dn\u00ed stolky jsou v proveden\u00ed d\u00fdhovan\u00fd masiv, lakov\u00e1n\u00ed vysok\u00fd lesk a horn\u00ed desku tvo\u0159\u00ed opaxitov\u00e9 sklo. Jeden stolek je s \u0161upl\u00edkem a v\u00fdklopn\u00fdmi dv\u00ed\u0159ky. Druh\u00fd stolek je tvo\u0159en \u010dty\u0159mi \u0161upl\u00edky.<\/p>\n<p>Stav: vintage s patinou, drobn\u00e9 nedostatky viz foto<br \/>\nZna\u010dka: Franti\u0161ek Mezul\u00e1nik<br \/>\nRozm\u011br<br \/>\nV\u00fd\u0161ka: 65 cm<br \/>\n\u0160\u00ed\u0159ka: 55 cm<br \/>\nHloubka: 35 cm<\/p>\n","protected":false},"excerpt":{"rendered":"<p>Set legend\u00e1rn\u00edch no\u010dn\u00edch stolk\u016f z 60. let 20. stolet\u00ed od n\u00e1vrh\u00e1\u0159e Franti\u0161k Mezul\u00e1nika. N\u00e1vrhy tohoto zn\u00e1m\u00e9ho architekta jsou charakteristick\u00e9 svou<\/p>\n","protected":false},"featured_media":11686,"template":"","meta":[],"product_brand":[153],"product_cat":[91],"product_tag":[],"class_list":{"0":"post-11685","1":"product","2":"type-product","3":"status-publish","4":"has-post-thumbnail","6":"product_brand-eterle-cz","7":"product_cat-prodane","8":"product_shipping_class-nadrozmerne","10":"first","11":"outofstock","12":"purchasable","13":"product-type-simple"},"_links":{"self":[{"href":"https:\/\/eterle.cz\/eshop\/wp-json\/wp\/v2\/product\/11685","targetHints":{"allow":["GET"]}}],"collection":[{"href":"https:\/\/eterle.cz\/eshop\/wp-json\/wp\/v2\/product"}],"about":[{"href":"https:\/\/eterle.cz\/eshop\/wp-json\/wp\/v2\/types\/product"}],"version-history":[{"count":0,"href":"https:\/\/eterle.cz\/eshop\/wp-json\/wp\/v2\/product\/11685\/revisions"}],"wp:featuredmedia":[{"embeddable":true,"href":"https:\/\/eterle.cz\/eshop\/wp-json\/wp\/v2\/media\/11686"}],"wp:attachment":[{"href":"https:\/\/eterle.cz\/eshop\/wp-json\/wp\/v2\/media?parent=11685"}],"wp:term":[{"taxonomy":"product_brand","embeddable":true,"href":"https:\/\/eterle.cz\/eshop\/wp-json\/wp\/v2\/product_brand?post=11685"},{"taxonomy":"product_cat","embeddable":true,"href":"https:\/\/eterle.cz\/eshop\/wp-json\/wp\/v2\/product_cat?post=11685"},{"taxonomy":"product_tag","embeddable":true,"href":"https:\/\/eterle.cz\/eshop\/wp-json\/wp\/v2\/product_tag?post=11685"}],"curies":[{"name":"wp","href":"https:\/\/api.w.org\/{rel}","templated":true}]}}