{"id":11701,"date":"2022-10-11T22:22:00","date_gmt":"2022-10-11T20:22:00","guid":{"rendered":"https:\/\/eterle.cz\/eshop\/produkt\/detska-zidlicka-2\/"},"modified":"2025-02-16T02:57:56","modified_gmt":"2025-02-16T01:57:56","slug":"detska-zidlicka-2","status":"publish","type":"product","link":"https:\/\/eterle.cz\/eshop\/produkt\/detska-zidlicka-2\/","title":{"rendered":"D\u011btsk\u00e1 \u017eidli\u010dka"},"content":{"rendered":"<p>D\u011btsk\u00e1 \u017eidli\u010dka v hr\u00e1\u0161kov\u011b zelen\u00e9 barv\u011b, na kter\u00e9 si hol\u010di\u010dka bude p\u0159ipadat jak princezna na hr\u00e1\u0161ku a pro kluka to bude prost\u011b zelen\u00e1 \u017eidle. Kombinace kovov\u00fdch nohou a umakartov\u00e9ho sed\u00e1ku.<\/p>\n<p>Stav: vinatge s patinou, drobn\u00e9 nedostatky na fotk\u00e1ch<br \/>\nZna\u010dka:<br \/>\nRozm\u011br<br \/>\nV\u00fd\u0161ka: 58 cm<br \/>\nV\u00fd\u0161ka sed\u00e1ku: 31 cm<br \/>\n\u0160\u00ed\u0159ka sed\u00e1ku: 26 cm<br \/>\nHloubka sed\u00e1ku: 29 cm<br \/>\nHloubka: 36 cm<\/p>\n","protected":false},"excerpt":{"rendered":"<p>D\u011btsk\u00e1 \u017eidli\u010dka v hr\u00e1\u0161kov\u011b zelen\u00e9 barv\u011b, na kter\u00e9 si hol\u010di\u010dka bude p\u0159ipadat jak princezna na hr\u00e1\u0161ku a pro kluka to<\/p>\n","protected":false},"featured_media":11702,"template":"","meta":[],"product_brand":[153],"product_cat":[91],"product_tag":[],"class_list":{"0":"post-11701","1":"product","2":"type-product","3":"status-publish","4":"has-post-thumbnail","6":"product_brand-eterle-cz","7":"product_cat-prodane","8":"product_shipping_class-nadrozmerne","10":"first","11":"outofstock","12":"purchasable","13":"product-type-simple"},"_links":{"self":[{"href":"https:\/\/eterle.cz\/eshop\/wp-json\/wp\/v2\/product\/11701","targetHints":{"allow":["GET"]}}],"collection":[{"href":"https:\/\/eterle.cz\/eshop\/wp-json\/wp\/v2\/product"}],"about":[{"href":"https:\/\/eterle.cz\/eshop\/wp-json\/wp\/v2\/types\/product"}],"version-history":[{"count":0,"href":"https:\/\/eterle.cz\/eshop\/wp-json\/wp\/v2\/product\/11701\/revisions"}],"wp:featuredmedia":[{"embeddable":true,"href":"https:\/\/eterle.cz\/eshop\/wp-json\/wp\/v2\/media\/11702"}],"wp:attachment":[{"href":"https:\/\/eterle.cz\/eshop\/wp-json\/wp\/v2\/media?parent=11701"}],"wp:term":[{"taxonomy":"product_brand","embeddable":true,"href":"https:\/\/eterle.cz\/eshop\/wp-json\/wp\/v2\/product_brand?post=11701"},{"taxonomy":"product_cat","embeddable":true,"href":"https:\/\/eterle.cz\/eshop\/wp-json\/wp\/v2\/product_cat?post=11701"},{"taxonomy":"product_tag","embeddable":true,"href":"https:\/\/eterle.cz\/eshop\/wp-json\/wp\/v2\/product_tag?post=11701"}],"curies":[{"name":"wp","href":"https:\/\/api.w.org\/{rel}","templated":true}]}}