{"id":11708,"date":"2022-10-11T22:22:16","date_gmt":"2022-10-11T20:22:16","guid":{"rendered":"https:\/\/eterle.cz\/eshop\/produkt\/skrin-halabala\/"},"modified":"2025-02-16T02:57:56","modified_gmt":"2025-02-16T01:57:56","slug":"skrin-halabala","status":"publish","type":"product","link":"https:\/\/eterle.cz\/eshop\/produkt\/skrin-halabala\/","title":{"rendered":"Sk\u0159\u00ed\u0148 \/ Halabala"},"content":{"rendered":"<p>Solit\u00e9rn\u00ed \u0161atn\u00ed sk\u0159\u00ed\u0148 z 50. let 20. stolet\u00ed dle designu Jind\u0159icha Halabaly, vyrobena v UP z\u00e1vodech. P\u0159edn\u00ed \u010d\u00e1st dve\u0159\u00ed je intarzovan\u00e1 do vzoru \u0161achovnice. Korpus sk\u0159\u00edn\u011b je d\u00fdhovan\u00fd. Kombinace tmav\u00e9ho a sv\u011btl\u00e9ho d\u0159eva spolu se \u0161achovnicovou intarzi\u00ed \u010din\u00ed z tohoto kusu n\u00e1bytku velmi zaj\u00edmav\u00fd prvek interi\u00e9ru.<\/p>\n<p>Stav: p\u016fvodn\u00ed stav, \u010d\u00e1ste\u010dn\u011b ur\u010deno k renovaci. Horn\u00ed deska poni\u010den\u00fd lak od vody. P\u0159edn\u00ed bo\u010dn\u00ed sloupek m\u00e1 dole asi 7 cm chyb\u011bj\u00edc\u00ed d\u00fdhu. Zezadu dole v rohu vy\u0161t\u00edpnut\u00e9. Bo\u010dn\u00ed strana oloupan\u00fd lak.<br \/>\nZna\u010dka: Jind\u0159ich Halabala<br \/>\nRozm\u011br<br \/>\nV\u00fd\u0161ka: 130 cm<br \/>\n\u0160\u00ed\u0159ka: 132 cm<br \/>\nHloubka: 56 cm<\/p>\n","protected":false},"excerpt":{"rendered":"<p>Solit\u00e9rn\u00ed \u0161atn\u00ed sk\u0159\u00ed\u0148 z 50. let 20. stolet\u00ed dle designu Jind\u0159icha Halabaly, vyrobena v UP z\u00e1vodech. P\u0159edn\u00ed \u010d\u00e1st dve\u0159\u00ed je<\/p>\n","protected":false},"featured_media":11709,"template":"","meta":[],"product_brand":[153],"product_cat":[91],"product_tag":[],"class_list":{"0":"post-11708","1":"product","2":"type-product","3":"status-publish","4":"has-post-thumbnail","6":"product_brand-eterle-cz","7":"product_cat-prodane","8":"product_shipping_class-nadrozmerne","10":"first","11":"outofstock","12":"purchasable","13":"product-type-simple"},"_links":{"self":[{"href":"https:\/\/eterle.cz\/eshop\/wp-json\/wp\/v2\/product\/11708","targetHints":{"allow":["GET"]}}],"collection":[{"href":"https:\/\/eterle.cz\/eshop\/wp-json\/wp\/v2\/product"}],"about":[{"href":"https:\/\/eterle.cz\/eshop\/wp-json\/wp\/v2\/types\/product"}],"version-history":[{"count":0,"href":"https:\/\/eterle.cz\/eshop\/wp-json\/wp\/v2\/product\/11708\/revisions"}],"wp:featuredmedia":[{"embeddable":true,"href":"https:\/\/eterle.cz\/eshop\/wp-json\/wp\/v2\/media\/11709"}],"wp:attachment":[{"href":"https:\/\/eterle.cz\/eshop\/wp-json\/wp\/v2\/media?parent=11708"}],"wp:term":[{"taxonomy":"product_brand","embeddable":true,"href":"https:\/\/eterle.cz\/eshop\/wp-json\/wp\/v2\/product_brand?post=11708"},{"taxonomy":"product_cat","embeddable":true,"href":"https:\/\/eterle.cz\/eshop\/wp-json\/wp\/v2\/product_cat?post=11708"},{"taxonomy":"product_tag","embeddable":true,"href":"https:\/\/eterle.cz\/eshop\/wp-json\/wp\/v2\/product_tag?post=11708"}],"curies":[{"name":"wp","href":"https:\/\/api.w.org\/{rel}","templated":true}]}}