{"id":11734,"date":"2022-10-11T22:23:08","date_gmt":"2022-10-11T20:23:08","guid":{"rendered":"https:\/\/eterle.cz\/eshop\/produkt\/lustr-cerne-slunce\/"},"modified":"2025-04-02T19:29:18","modified_gmt":"2025-04-02T17:29:18","slug":"lustr-cerne-slunce","status":"publish","type":"product","link":"https:\/\/eterle.cz\/eshop\/produkt\/lustr-cerne-slunce\/","title":{"rendered":"Lustr \u010dern\u00e9 slunce"},"content":{"rendered":"<p>Lustr ov\u00e1ln\u00e9ho tvaru v bruselsk\u00e9m stylu z op\u00e1lov\u00e9ho skla je zdoben decentn\u00edm \u010dern\u00fdm vzorem, kter\u00fd p\u0159ipom\u00edna slunce nebo kv\u011btinu.<\/p>\n<p>Stav: funk\u010dn\u00ed, elektroinstalace p\u016fvodn\u00ed.<br \/>\nRozm\u011br<br \/>\nPr\u016fm\u011br st\u00ednidla: 20 cm<br \/>\nV\u00fd\u0161ka st\u00ednidla: 35 cm<br \/>\nV\u00fd\u0161ka: 68 cm<br \/>\nV\u00fd\u0161ka ty\u010de: 28 cm<\/p>\n","protected":false},"excerpt":{"rendered":"<p>Lustr ov\u00e1ln\u00e9ho tvaru v bruselsk\u00e9m stylu z op\u00e1lov\u00e9ho skla je zdoben decentn\u00edm \u010dern\u00fdm vzorem, kter\u00fd p\u0159ipom\u00edna slunce nebo kv\u011btinu. Stav:<\/p>\n","protected":false},"featured_media":11735,"template":"","meta":[],"product_brand":[153],"product_cat":[91],"product_tag":[],"class_list":{"0":"post-11734","1":"product","2":"type-product","3":"status-publish","4":"has-post-thumbnail","6":"product_brand-eterle-cz","7":"product_cat-prodane","8":"product_shipping_class-nadrozmerne","10":"first","11":"outofstock","12":"purchasable","13":"product-type-simple"},"_links":{"self":[{"href":"https:\/\/eterle.cz\/eshop\/wp-json\/wp\/v2\/product\/11734","targetHints":{"allow":["GET"]}}],"collection":[{"href":"https:\/\/eterle.cz\/eshop\/wp-json\/wp\/v2\/product"}],"about":[{"href":"https:\/\/eterle.cz\/eshop\/wp-json\/wp\/v2\/types\/product"}],"version-history":[{"count":1,"href":"https:\/\/eterle.cz\/eshop\/wp-json\/wp\/v2\/product\/11734\/revisions"}],"predecessor-version":[{"id":23100,"href":"https:\/\/eterle.cz\/eshop\/wp-json\/wp\/v2\/product\/11734\/revisions\/23100"}],"wp:featuredmedia":[{"embeddable":true,"href":"https:\/\/eterle.cz\/eshop\/wp-json\/wp\/v2\/media\/11735"}],"wp:attachment":[{"href":"https:\/\/eterle.cz\/eshop\/wp-json\/wp\/v2\/media?parent=11734"}],"wp:term":[{"taxonomy":"product_brand","embeddable":true,"href":"https:\/\/eterle.cz\/eshop\/wp-json\/wp\/v2\/product_brand?post=11734"},{"taxonomy":"product_cat","embeddable":true,"href":"https:\/\/eterle.cz\/eshop\/wp-json\/wp\/v2\/product_cat?post=11734"},{"taxonomy":"product_tag","embeddable":true,"href":"https:\/\/eterle.cz\/eshop\/wp-json\/wp\/v2\/product_tag?post=11734"}],"curies":[{"name":"wp","href":"https:\/\/api.w.org\/{rel}","templated":true}]}}