{"id":11754,"date":"2022-10-11T22:23:47","date_gmt":"2022-10-11T20:23:47","guid":{"rendered":"https:\/\/eterle.cz\/eshop\/produkt\/viceramenny-lustr\/"},"modified":"2025-06-24T01:52:50","modified_gmt":"2025-06-23T23:52:50","slug":"viceramenny-lustr","status":"publish","type":"product","link":"https:\/\/eterle.cz\/eshop\/produkt\/viceramenny-lustr\/","title":{"rendered":"V\u00edceramenn\u00fd lustr"},"content":{"rendered":"<p>Atypick\u00fd lustr v bruselsk\u00e9m stylu je zaj\u00edmav\u00fd nejen kombinac\u00ed barev a materi\u00e1lu, ale tak\u00e9 tvarem. Jemn\u00e1 r\u016f\u017eov\u00e1 st\u00ednidla jsou v kontrastu s kovov\u00fdm zakon\u010den\u00edm ve v\u00fdrazn\u00e9 \u010derven\u00e9 a \u010dern\u00e9 barv\u011b. Jist\u011b na sebe strhne pozornost.<\/p>\n<p>Stav: funk\u010dn\u00ed, elektroinstalace p\u016fvodn\u00ed. Velmi odbr\u00fd stav, chrom jen m\u00edsty nepatrn\u00e1 koroze.<br \/>\nRozm\u011br<br \/>\n\u0160\u00ed\u0159ka: 44 cm<br \/>\nV\u00fd\u0161ka st\u00ednidla: 25 cm<br \/>\nV\u00fd\u0161ka: 95 cm<br \/>\nV\u00fd\u0161ka ty\u010de: 60 cm<\/p>\n","protected":false},"excerpt":{"rendered":"<p>Atypick\u00fd lustr v bruselsk\u00e9m stylu je zaj\u00edmav\u00fd nejen kombinac\u00ed barev a materi\u00e1lu, ale tak\u00e9 tvarem. Jemn\u00e1 r\u016f\u017eov\u00e1 st\u00ednidla jsou v<\/p>\n","protected":false},"featured_media":11755,"template":"","meta":[],"product_brand":[153],"product_cat":[79,140],"product_tag":[],"class_list":{"0":"post-11754","1":"product","2":"type-product","3":"status-publish","4":"has-post-thumbnail","6":"product_brand-eterle-cz","7":"product_cat-svetla","8":"product_cat-lustry","9":"product_shipping_class-nadrozmerne","11":"first","12":"instock","13":"purchasable","14":"product-type-simple"},"_links":{"self":[{"href":"https:\/\/eterle.cz\/eshop\/wp-json\/wp\/v2\/product\/11754","targetHints":{"allow":["GET"]}}],"collection":[{"href":"https:\/\/eterle.cz\/eshop\/wp-json\/wp\/v2\/product"}],"about":[{"href":"https:\/\/eterle.cz\/eshop\/wp-json\/wp\/v2\/types\/product"}],"version-history":[{"count":1,"href":"https:\/\/eterle.cz\/eshop\/wp-json\/wp\/v2\/product\/11754\/revisions"}],"predecessor-version":[{"id":26211,"href":"https:\/\/eterle.cz\/eshop\/wp-json\/wp\/v2\/product\/11754\/revisions\/26211"}],"wp:featuredmedia":[{"embeddable":true,"href":"https:\/\/eterle.cz\/eshop\/wp-json\/wp\/v2\/media\/11755"}],"wp:attachment":[{"href":"https:\/\/eterle.cz\/eshop\/wp-json\/wp\/v2\/media?parent=11754"}],"wp:term":[{"taxonomy":"product_brand","embeddable":true,"href":"https:\/\/eterle.cz\/eshop\/wp-json\/wp\/v2\/product_brand?post=11754"},{"taxonomy":"product_cat","embeddable":true,"href":"https:\/\/eterle.cz\/eshop\/wp-json\/wp\/v2\/product_cat?post=11754"},{"taxonomy":"product_tag","embeddable":true,"href":"https:\/\/eterle.cz\/eshop\/wp-json\/wp\/v2\/product_tag?post=11754"}],"curies":[{"name":"wp","href":"https:\/\/api.w.org\/{rel}","templated":true}]}}