{"id":11791,"date":"2022-10-11T22:25:01","date_gmt":"2022-10-11T20:25:01","guid":{"rendered":"https:\/\/eterle.cz\/eshop\/produkt\/lustr-jested\/"},"modified":"2025-02-16T02:57:50","modified_gmt":"2025-02-16T01:57:50","slug":"lustr-jested","status":"publish","type":"product","link":"https:\/\/eterle.cz\/eshop\/produkt\/lustr-jested\/","title":{"rendered":"Lustr &#8222;Je\u0161t\u011bd&#8220;"},"content":{"rendered":"<p>M\u00e1lo v\u00eddan\u00fd lustr ze 70. let s p\u011bti koulemi z op\u00e1lov\u00e9ho skla a \u0161pi\u010dkou p\u0159ipom\u00ednaj\u00edc\u00ed n\u00e1m Je\u0161t\u011bd.<\/p>\n<p>Stav: dobr\u00fd, ale zlato nese zn\u00e1mky koroze. funk\u010dn\u00ed, elektroinstalace p\u016fvodn\u00ed.<br \/>\nRozm\u011br<br \/>\n\u0160\u00ed\u0159ka lustru: 44 cm<br \/>\nPr\u016fm\u011br koule: 15 cm<br \/>\nV\u00fd\u0161ka: 79 cm<br \/>\nV\u00fd\u0161ka ty\u010de: 42 cm<\/p>\n","protected":false},"excerpt":{"rendered":"<p>M\u00e1lo v\u00eddan\u00fd lustr ze 70. let s p\u011bti koulemi z op\u00e1lov\u00e9ho skla a \u0161pi\u010dkou p\u0159ipom\u00ednaj\u00edc\u00ed n\u00e1m Je\u0161t\u011bd. Stav: dobr\u00fd, ale<\/p>\n","protected":false},"featured_media":11792,"template":"","meta":[],"product_brand":[153],"product_cat":[91],"product_tag":[],"class_list":{"0":"post-11791","1":"product","2":"type-product","3":"status-publish","4":"has-post-thumbnail","6":"product_brand-eterle-cz","7":"product_cat-prodane","8":"product_shipping_class-nadrozmerne","10":"first","11":"outofstock","12":"purchasable","13":"product-type-simple"},"_links":{"self":[{"href":"https:\/\/eterle.cz\/eshop\/wp-json\/wp\/v2\/product\/11791","targetHints":{"allow":["GET"]}}],"collection":[{"href":"https:\/\/eterle.cz\/eshop\/wp-json\/wp\/v2\/product"}],"about":[{"href":"https:\/\/eterle.cz\/eshop\/wp-json\/wp\/v2\/types\/product"}],"version-history":[{"count":1,"href":"https:\/\/eterle.cz\/eshop\/wp-json\/wp\/v2\/product\/11791\/revisions"}],"predecessor-version":[{"id":11963,"href":"https:\/\/eterle.cz\/eshop\/wp-json\/wp\/v2\/product\/11791\/revisions\/11963"}],"wp:featuredmedia":[{"embeddable":true,"href":"https:\/\/eterle.cz\/eshop\/wp-json\/wp\/v2\/media\/11792"}],"wp:attachment":[{"href":"https:\/\/eterle.cz\/eshop\/wp-json\/wp\/v2\/media?parent=11791"}],"wp:term":[{"taxonomy":"product_brand","embeddable":true,"href":"https:\/\/eterle.cz\/eshop\/wp-json\/wp\/v2\/product_brand?post=11791"},{"taxonomy":"product_cat","embeddable":true,"href":"https:\/\/eterle.cz\/eshop\/wp-json\/wp\/v2\/product_cat?post=11791"},{"taxonomy":"product_tag","embeddable":true,"href":"https:\/\/eterle.cz\/eshop\/wp-json\/wp\/v2\/product_tag?post=11791"}],"curies":[{"name":"wp","href":"https:\/\/api.w.org\/{rel}","templated":true}]}}