{"id":11796,"date":"2022-10-11T22:25:10","date_gmt":"2022-10-11T20:25:10","guid":{"rendered":"https:\/\/eterle.cz\/eshop\/produkt\/velky-lustr\/"},"modified":"2025-06-24T01:52:50","modified_gmt":"2025-06-23T23:52:50","slug":"velky-lustr","status":"publish","type":"product","link":"https:\/\/eterle.cz\/eshop\/produkt\/velky-lustr\/","title":{"rendered":"Velk\u00fd lustr"},"content":{"rendered":"<p>Velk\u00fd lustr z op\u00e1lov\u00e9ho skla ve tvaru rumov\u00e9 pralinky se zaj\u00edmav\u00fdm zdoben\u00edm ze spodn\u00ed strany. Neobvykl\u00fd tvar i velikost.<\/p>\n<p>Stav: velmi dobr\u00fd. Funk\u010dn\u00ed, elektroinstalace nov\u00e1.<br \/>\nRozm\u011br<br \/>\nPr\u016fm\u011br: 35 cm<br \/>\nV\u00fd\u0161ka st\u00ednidla: 36.5 cm<br \/>\nV\u00fd\u0161ka ty\u010de: 58 cm<br \/>\nV\u00fd\u0161ka: 88 cm<\/p>\n","protected":false},"excerpt":{"rendered":"<p>Velk\u00fd lustr z op\u00e1lov\u00e9ho skla ve tvaru rumov\u00e9 pralinky se zaj\u00edmav\u00fdm zdoben\u00edm ze spodn\u00ed strany. Neobvykl\u00fd tvar i velikost. Stav:<\/p>\n","protected":false},"featured_media":11797,"template":"","meta":[],"product_brand":[153],"product_cat":[79,140],"product_tag":[],"class_list":{"0":"post-11796","1":"product","2":"type-product","3":"status-publish","4":"has-post-thumbnail","6":"product_brand-eterle-cz","7":"product_cat-svetla","8":"product_cat-lustry","9":"product_shipping_class-nadrozmerne","11":"first","12":"instock","13":"purchasable","14":"product-type-simple"},"_links":{"self":[{"href":"https:\/\/eterle.cz\/eshop\/wp-json\/wp\/v2\/product\/11796","targetHints":{"allow":["GET"]}}],"collection":[{"href":"https:\/\/eterle.cz\/eshop\/wp-json\/wp\/v2\/product"}],"about":[{"href":"https:\/\/eterle.cz\/eshop\/wp-json\/wp\/v2\/types\/product"}],"version-history":[{"count":1,"href":"https:\/\/eterle.cz\/eshop\/wp-json\/wp\/v2\/product\/11796\/revisions"}],"predecessor-version":[{"id":26209,"href":"https:\/\/eterle.cz\/eshop\/wp-json\/wp\/v2\/product\/11796\/revisions\/26209"}],"wp:featuredmedia":[{"embeddable":true,"href":"https:\/\/eterle.cz\/eshop\/wp-json\/wp\/v2\/media\/11797"}],"wp:attachment":[{"href":"https:\/\/eterle.cz\/eshop\/wp-json\/wp\/v2\/media?parent=11796"}],"wp:term":[{"taxonomy":"product_brand","embeddable":true,"href":"https:\/\/eterle.cz\/eshop\/wp-json\/wp\/v2\/product_brand?post=11796"},{"taxonomy":"product_cat","embeddable":true,"href":"https:\/\/eterle.cz\/eshop\/wp-json\/wp\/v2\/product_cat?post=11796"},{"taxonomy":"product_tag","embeddable":true,"href":"https:\/\/eterle.cz\/eshop\/wp-json\/wp\/v2\/product_tag?post=11796"}],"curies":[{"name":"wp","href":"https:\/\/api.w.org\/{rel}","templated":true}]}}