{"id":11804,"date":"2022-10-11T22:25:26","date_gmt":"2022-10-11T20:25:26","guid":{"rendered":"https:\/\/eterle.cz\/eshop\/produkt\/lustr-talir-2\/"},"modified":"2025-06-24T01:52:49","modified_gmt":"2025-06-23T23:52:49","slug":"lustr-talir-2","status":"publish","type":"product","link":"https:\/\/eterle.cz\/eshop\/produkt\/lustr-talir-2\/","title":{"rendered":"Lustr tal\u00ed\u0159"},"content":{"rendered":"<p>Retro lustr &#8222;tal\u00ed\u0159&#8220; v bruselsk\u00e9m stylu z 60 let. Sklen\u011bn\u00e9 st\u00ednidlo ve tvaru trs\u00e1tka s geometrick\u00fdm vzorem v hn\u011bd\u00e9 barv\u011b v kombinaci s kovovou ty\u010d\u00ed. 250 V, 3 x 40 W<\/p>\n<p>Stav: funk\u010dn\u00ed, elektroinstalace nov\u00e1.<br \/>\nRozm\u011br<br \/>\nPr\u016fm\u011br: 60 x 50 cm<br \/>\nV\u00fd\u0161ka: 60 cm<br \/>\nV\u00fd\u0161ka ty\u010de: 56 cm<\/p>\n","protected":false},"excerpt":{"rendered":"<p>Retro lustr &#8222;tal\u00ed\u0159&#8220; v bruselsk\u00e9m stylu z 60 let. Sklen\u011bn\u00e9 st\u00ednidlo ve tvaru trs\u00e1tka s geometrick\u00fdm vzorem v hn\u011bd\u00e9 barv\u011b<\/p>\n","protected":false},"featured_media":11805,"template":"","meta":[],"product_brand":[153],"product_cat":[79,140],"product_tag":[],"class_list":{"0":"post-11804","1":"product","2":"type-product","3":"status-publish","4":"has-post-thumbnail","6":"product_brand-eterle-cz","7":"product_cat-svetla","8":"product_cat-lustry","9":"product_shipping_class-nadrozmerne","11":"first","12":"instock","13":"purchasable","14":"product-type-simple"},"_links":{"self":[{"href":"https:\/\/eterle.cz\/eshop\/wp-json\/wp\/v2\/product\/11804","targetHints":{"allow":["GET"]}}],"collection":[{"href":"https:\/\/eterle.cz\/eshop\/wp-json\/wp\/v2\/product"}],"about":[{"href":"https:\/\/eterle.cz\/eshop\/wp-json\/wp\/v2\/types\/product"}],"version-history":[{"count":1,"href":"https:\/\/eterle.cz\/eshop\/wp-json\/wp\/v2\/product\/11804\/revisions"}],"predecessor-version":[{"id":26208,"href":"https:\/\/eterle.cz\/eshop\/wp-json\/wp\/v2\/product\/11804\/revisions\/26208"}],"wp:featuredmedia":[{"embeddable":true,"href":"https:\/\/eterle.cz\/eshop\/wp-json\/wp\/v2\/media\/11805"}],"wp:attachment":[{"href":"https:\/\/eterle.cz\/eshop\/wp-json\/wp\/v2\/media?parent=11804"}],"wp:term":[{"taxonomy":"product_brand","embeddable":true,"href":"https:\/\/eterle.cz\/eshop\/wp-json\/wp\/v2\/product_brand?post=11804"},{"taxonomy":"product_cat","embeddable":true,"href":"https:\/\/eterle.cz\/eshop\/wp-json\/wp\/v2\/product_cat?post=11804"},{"taxonomy":"product_tag","embeddable":true,"href":"https:\/\/eterle.cz\/eshop\/wp-json\/wp\/v2\/product_tag?post=11804"}],"curies":[{"name":"wp","href":"https:\/\/api.w.org\/{rel}","templated":true}]}}