{"id":11833,"date":"2022-10-11T22:26:27","date_gmt":"2022-10-11T20:26:27","guid":{"rendered":"https:\/\/eterle.cz\/eshop\/produkt\/lustr-lite-sklo\/"},"modified":"2025-02-16T02:57:48","modified_gmt":"2025-02-16T01:57:48","slug":"lustr-lite-sklo","status":"publish","type":"product","link":"https:\/\/eterle.cz\/eshop\/produkt\/lustr-lite-sklo\/","title":{"rendered":"Lustr lit\u00e9 sklo"},"content":{"rendered":"<p>Lustr z lit\u00e9ho skla se vzorem koso\u010dtverc\u016f, kter\u00e9 se do st\u0159edu zmen\u0161uj\u00ed. Vhodn\u00fd do m\u00edstnosti s n\u00edzl\u00fdm stropem, kde nechcete pou\u017e\u00edt stropn\u00ed sv\u011btlo. V\u011bt\u0161\u00edho efektu dos\u00e1hnete, pokud d\u00e1te dva lustry za sebou .<\/p>\n<p>Stav: v\u00fdborn\u00fd, funk\u010dn\u00ed, elektroinstalace p\u016fvodn\u00ed.<br \/>\nRozm\u011br<br \/>\nPr\u016fm\u011br: 27 cm<br \/>\nV\u00fd\u0161ka: 29 cm<br \/>\nV\u00fd\u0161ka ty\u010de: 22 cm<\/p>\n","protected":false},"excerpt":{"rendered":"<p>Lustr z lit\u00e9ho skla se vzorem koso\u010dtverc\u016f, kter\u00e9 se do st\u0159edu zmen\u0161uj\u00ed. Vhodn\u00fd do m\u00edstnosti s n\u00edzl\u00fdm stropem, kde nechcete<\/p>\n","protected":false},"featured_media":11834,"template":"","meta":[],"product_brand":[153],"product_cat":[91],"product_tag":[],"class_list":{"0":"post-11833","1":"product","2":"type-product","3":"status-publish","4":"has-post-thumbnail","6":"product_brand-eterle-cz","7":"product_cat-prodane","8":"product_shipping_class-nadrozmerne","10":"first","11":"outofstock","12":"purchasable","13":"product-type-simple"},"_links":{"self":[{"href":"https:\/\/eterle.cz\/eshop\/wp-json\/wp\/v2\/product\/11833","targetHints":{"allow":["GET"]}}],"collection":[{"href":"https:\/\/eterle.cz\/eshop\/wp-json\/wp\/v2\/product"}],"about":[{"href":"https:\/\/eterle.cz\/eshop\/wp-json\/wp\/v2\/types\/product"}],"version-history":[{"count":0,"href":"https:\/\/eterle.cz\/eshop\/wp-json\/wp\/v2\/product\/11833\/revisions"}],"wp:featuredmedia":[{"embeddable":true,"href":"https:\/\/eterle.cz\/eshop\/wp-json\/wp\/v2\/media\/11834"}],"wp:attachment":[{"href":"https:\/\/eterle.cz\/eshop\/wp-json\/wp\/v2\/media?parent=11833"}],"wp:term":[{"taxonomy":"product_brand","embeddable":true,"href":"https:\/\/eterle.cz\/eshop\/wp-json\/wp\/v2\/product_brand?post=11833"},{"taxonomy":"product_cat","embeddable":true,"href":"https:\/\/eterle.cz\/eshop\/wp-json\/wp\/v2\/product_cat?post=11833"},{"taxonomy":"product_tag","embeddable":true,"href":"https:\/\/eterle.cz\/eshop\/wp-json\/wp\/v2\/product_tag?post=11833"}],"curies":[{"name":"wp","href":"https:\/\/api.w.org\/{rel}","templated":true}]}}