{"id":11852,"date":"2022-10-11T22:27:06","date_gmt":"2022-10-11T20:27:06","guid":{"rendered":"https:\/\/eterle.cz\/eshop\/produkt\/lustr-koule-4\/"},"modified":"2025-09-22T21:33:40","modified_gmt":"2025-09-22T19:33:40","slug":"lustr-koule-4","status":"publish","type":"product","link":"https:\/\/eterle.cz\/eshop\/produkt\/lustr-koule-4\/","title":{"rendered":"Lustr koule"},"content":{"rendered":"<p>Jednoduch\u00e9, minimalistick\u00e9 sv\u011btlo v kombinaci op\u00e1lov\u00e9ho skla a kovu. Tento typ sv\u011btla je velmi neutr\u00e1ln\u00ed a hod\u00ed se t\u00e9m\u011b\u0159 kamkoliv. Osobn\u011b je m\u00e1me r\u00e1di t\u0159eba na chodb\u00e1ch.<\/p>\n<p>Stav: dobr\u00fd, ty\u010d nepatrn\u00e1 koroze. Funk\u010dn\u00ed, elektroinstalace p\u016fvodn\u00ed.<br \/>\nRozm\u011br<br \/>\nPr\u016fm\u011br: 25 cm<br \/>\nV\u00fd\u0161ka: 59 cm<br \/>\nV\u00fd\u0161ka ty\u010de: 33 cm<\/p>\n","protected":false},"excerpt":{"rendered":"<p>Jednoduch\u00e9, minimalistick\u00e9 sv\u011btlo v kombinaci op\u00e1lov\u00e9ho skla a kovu. Tento typ sv\u011btla je velmi neutr\u00e1ln\u00ed a hod\u00ed se t\u00e9m\u011b\u0159 kamkoliv.<\/p>\n","protected":false},"featured_media":11853,"template":"","meta":[],"product_brand":[153],"product_cat":[91],"product_tag":[],"class_list":{"0":"post-11852","1":"product","2":"type-product","3":"status-publish","4":"has-post-thumbnail","6":"product_brand-eterle-cz","7":"product_cat-prodane","8":"product_shipping_class-nadrozmerne","10":"first","11":"outofstock","12":"purchasable","13":"product-type-simple"},"_links":{"self":[{"href":"https:\/\/eterle.cz\/eshop\/wp-json\/wp\/v2\/product\/11852","targetHints":{"allow":["GET"]}}],"collection":[{"href":"https:\/\/eterle.cz\/eshop\/wp-json\/wp\/v2\/product"}],"about":[{"href":"https:\/\/eterle.cz\/eshop\/wp-json\/wp\/v2\/types\/product"}],"version-history":[{"count":2,"href":"https:\/\/eterle.cz\/eshop\/wp-json\/wp\/v2\/product\/11852\/revisions"}],"predecessor-version":[{"id":26205,"href":"https:\/\/eterle.cz\/eshop\/wp-json\/wp\/v2\/product\/11852\/revisions\/26205"}],"wp:featuredmedia":[{"embeddable":true,"href":"https:\/\/eterle.cz\/eshop\/wp-json\/wp\/v2\/media\/11853"}],"wp:attachment":[{"href":"https:\/\/eterle.cz\/eshop\/wp-json\/wp\/v2\/media?parent=11852"}],"wp:term":[{"taxonomy":"product_brand","embeddable":true,"href":"https:\/\/eterle.cz\/eshop\/wp-json\/wp\/v2\/product_brand?post=11852"},{"taxonomy":"product_cat","embeddable":true,"href":"https:\/\/eterle.cz\/eshop\/wp-json\/wp\/v2\/product_cat?post=11852"},{"taxonomy":"product_tag","embeddable":true,"href":"https:\/\/eterle.cz\/eshop\/wp-json\/wp\/v2\/product_tag?post=11852"}],"curies":[{"name":"wp","href":"https:\/\/api.w.org\/{rel}","templated":true}]}}