{"id":11858,"date":"2022-10-11T22:27:18","date_gmt":"2022-10-11T20:27:18","guid":{"rendered":"https:\/\/eterle.cz\/eshop\/produkt\/velky-lustr-2\/"},"modified":"2025-02-16T02:57:46","modified_gmt":"2025-02-16T01:57:46","slug":"velky-lustr-2","status":"publish","type":"product","link":"https:\/\/eterle.cz\/eshop\/produkt\/velky-lustr-2\/","title":{"rendered":"Velk\u00fd lustr \/ Prokop"},"content":{"rendered":"<p>Velk\u00fd lustr z op\u00e1lov\u00e9ho skla ve tvaru zvonu a p\u0159i pohledu zespodu m\u016f\u017eeme vid\u011bt slunce nebo kopretinu.<\/p>\n<p>Stav: velmi dobr\u00fd. Funk\u010dn\u00ed, elektroinstalace p\u016fvodn\u00ed.<br \/>\nZna\u010dka: Miroslav Prokop<br \/>\nRozm\u011br<br \/>\nPr\u016fm\u011br: 32 cm<br \/>\nV\u00fd\u0161ka st\u00ednidla: 24 cm<br \/>\nV\u00fd\u0161ka ty\u010de: 38 cm<br \/>\nV\u00fd\u0161ka: 65 cm<\/p>\n","protected":false},"excerpt":{"rendered":"<p>Velk\u00fd lustr z op\u00e1lov\u00e9ho skla ve tvaru zvonu a p\u0159i pohledu zespodu m\u016f\u017eeme vid\u011bt slunce nebo kopretinu. Stav: velmi dobr\u00fd.<\/p>\n","protected":false},"featured_media":11859,"template":"","meta":[],"product_brand":[153],"product_cat":[91],"product_tag":[],"class_list":{"0":"post-11858","1":"product","2":"type-product","3":"status-publish","4":"has-post-thumbnail","6":"product_brand-eterle-cz","7":"product_cat-prodane","8":"product_shipping_class-nadrozmerne","10":"first","11":"outofstock","12":"purchasable","13":"product-type-simple"},"_links":{"self":[{"href":"https:\/\/eterle.cz\/eshop\/wp-json\/wp\/v2\/product\/11858","targetHints":{"allow":["GET"]}}],"collection":[{"href":"https:\/\/eterle.cz\/eshop\/wp-json\/wp\/v2\/product"}],"about":[{"href":"https:\/\/eterle.cz\/eshop\/wp-json\/wp\/v2\/types\/product"}],"version-history":[{"count":2,"href":"https:\/\/eterle.cz\/eshop\/wp-json\/wp\/v2\/product\/11858\/revisions"}],"predecessor-version":[{"id":13110,"href":"https:\/\/eterle.cz\/eshop\/wp-json\/wp\/v2\/product\/11858\/revisions\/13110"}],"wp:featuredmedia":[{"embeddable":true,"href":"https:\/\/eterle.cz\/eshop\/wp-json\/wp\/v2\/media\/11859"}],"wp:attachment":[{"href":"https:\/\/eterle.cz\/eshop\/wp-json\/wp\/v2\/media?parent=11858"}],"wp:term":[{"taxonomy":"product_brand","embeddable":true,"href":"https:\/\/eterle.cz\/eshop\/wp-json\/wp\/v2\/product_brand?post=11858"},{"taxonomy":"product_cat","embeddable":true,"href":"https:\/\/eterle.cz\/eshop\/wp-json\/wp\/v2\/product_cat?post=11858"},{"taxonomy":"product_tag","embeddable":true,"href":"https:\/\/eterle.cz\/eshop\/wp-json\/wp\/v2\/product_tag?post=11858"}],"curies":[{"name":"wp","href":"https:\/\/api.w.org\/{rel}","templated":true}]}}