{"id":11864,"date":"2022-10-11T22:27:29","date_gmt":"2022-10-11T20:27:29","guid":{"rendered":"https:\/\/eterle.cz\/eshop\/produkt\/lustr-stahovaci\/"},"modified":"2025-02-16T02:57:46","modified_gmt":"2025-02-16T01:57:46","slug":"lustr-stahovaci","status":"publish","type":"product","link":"https:\/\/eterle.cz\/eshop\/produkt\/lustr-stahovaci\/","title":{"rendered":"Lustr stahovac\u00ed"},"content":{"rendered":"<p>Praktick\u00fd kuchy\u0148sk\u00fd stahovac\u00ed lustr ze 70.- 80. let 20. stolet\u00ed.<\/p>\n<p>Stav: velmi dobr\u00fd, funk\u010dn\u00ed, elektroinstalace p\u016fvodn\u00ed.<br \/>\nRozm\u011br<br \/>\nPr\u016fm\u011br: 40 cm<br \/>\nV\u00fd\u0161ka st\u00ednidla: 21 cm<br \/>\nV\u00fd\u0161ka min.: 70 cm<br \/>\nV\u00fd\u0161ka max.: 100 cm<\/p>\n","protected":false},"excerpt":{"rendered":"<p>Praktick\u00fd kuchy\u0148sk\u00fd stahovac\u00ed lustr ze 70.- 80. let 20. stolet\u00ed. Stav: velmi dobr\u00fd, funk\u010dn\u00ed, elektroinstalace p\u016fvodn\u00ed. Rozm\u011br Pr\u016fm\u011br: 40 cm<\/p>\n","protected":false},"featured_media":11865,"template":"","meta":[],"product_brand":[153],"product_cat":[91],"product_tag":[],"class_list":{"0":"post-11864","1":"product","2":"type-product","3":"status-publish","4":"has-post-thumbnail","6":"product_brand-eterle-cz","7":"product_cat-prodane","8":"product_shipping_class-nadrozmerne","10":"first","11":"outofstock","12":"purchasable","13":"product-type-simple"},"_links":{"self":[{"href":"https:\/\/eterle.cz\/eshop\/wp-json\/wp\/v2\/product\/11864","targetHints":{"allow":["GET"]}}],"collection":[{"href":"https:\/\/eterle.cz\/eshop\/wp-json\/wp\/v2\/product"}],"about":[{"href":"https:\/\/eterle.cz\/eshop\/wp-json\/wp\/v2\/types\/product"}],"version-history":[{"count":0,"href":"https:\/\/eterle.cz\/eshop\/wp-json\/wp\/v2\/product\/11864\/revisions"}],"wp:featuredmedia":[{"embeddable":true,"href":"https:\/\/eterle.cz\/eshop\/wp-json\/wp\/v2\/media\/11865"}],"wp:attachment":[{"href":"https:\/\/eterle.cz\/eshop\/wp-json\/wp\/v2\/media?parent=11864"}],"wp:term":[{"taxonomy":"product_brand","embeddable":true,"href":"https:\/\/eterle.cz\/eshop\/wp-json\/wp\/v2\/product_brand?post=11864"},{"taxonomy":"product_cat","embeddable":true,"href":"https:\/\/eterle.cz\/eshop\/wp-json\/wp\/v2\/product_cat?post=11864"},{"taxonomy":"product_tag","embeddable":true,"href":"https:\/\/eterle.cz\/eshop\/wp-json\/wp\/v2\/product_tag?post=11864"}],"curies":[{"name":"wp","href":"https:\/\/api.w.org\/{rel}","templated":true}]}}