{"id":11969,"date":"2022-11-09T22:18:00","date_gmt":"2022-11-09T21:18:00","guid":{"rendered":"https:\/\/eterle.cz\/eshop\/produkt\/socha-vysoke-damy-kati-zorn\/"},"modified":"2025-02-16T02:57:45","modified_gmt":"2025-02-16T01:57:45","slug":"socha-vysoke-damy-kati-zorn","status":"publish","type":"product","link":"https:\/\/eterle.cz\/eshop\/produkt\/socha-vysoke-damy-kati-zorn\/","title":{"rendered":"Socha vysok\u00e9 d\u00e1my \/ Kati Zorn"},"content":{"rendered":"<p>Socha korpulentn\u00ed d\u00e1my od n\u011bmeck\u00e9 design\u00e9rky Katie Zorn, narozen\u00e9 v roce 1962. V 80 letech se vyu\u010dila jako design\u00e9r porcle\u00e1nu se specializac\u00ed na modelov\u00e1n\u00ed postav a pracovala v M\u00ed\u0161ni. Za jej\u00ed  pr\u00e1ci dostala n\u011bkolik ocen\u011bn\u00ed &#8211; 1987 zlat\u00e1 medaile \u201eLeipziger Messe\u201c za figur\u00e1ln\u00ed s\u00e9rii \u201eMythos\u201c, 1988 uzn\u00e1n\u00ed na design\u00e9rsk\u00e9m sympoziu v M\u00ed\u0161ni od Ludwiga Zepnera. Jej\u00ed tvorba vn\u00e1\u0161\u00ed do tradi\u010dn\u00ed p\u0159edlohy porcel\u00e1nov\u00e9ho um\u011bn\u00ed novou a p\u0159ekvapivou podobu. Od roku 2000 pracuje ve vlastn\u00edm studiu v Cursdorfu.<\/p>\n<p>Jej\u00ed d\u00edla ukazuj\u00ed postavy se v\u0161emi jejich slabostmi, p\u0159ednostmi nebo roztomil\u00fdmi nedostatky. Ka\u017ed\u00fd objekt nese nezam\u011bniteln\u00fd podpis v\u00e1\u0161niv\u00e9ho um\u011blce se smyslem pro patos a humor, ka\u017ed\u00fd objekt je provokativn\u00ed, ale okouzluj\u00edc\u00ed, komplexn\u00ed a hlubok\u00fd.<\/p>\n<p>Stav: nov\u00e9<br \/>\nZna\u010dka: Kati Zorn<br \/>\nRozm\u011br<br \/>\nV\u00fd\u0161ka: 42 cm<\/p>\n","protected":false},"excerpt":{"rendered":"<p>Socha korpulentn\u00ed d\u00e1my od n\u011bmeck\u00e9 design\u00e9rky Katie Zorn, narozen\u00e9 v roce 1962. V 80 letech se vyu\u010dila jako design\u00e9r porcle\u00e1nu<\/p>\n","protected":false},"featured_media":11970,"template":"","meta":[],"product_brand":[153],"product_cat":[91],"product_tag":[],"class_list":{"0":"post-11969","1":"product","2":"type-product","3":"status-publish","4":"has-post-thumbnail","6":"product_brand-eterle-cz","7":"product_cat-prodane","9":"first","10":"outofstock","11":"purchasable","12":"product-type-simple"},"_links":{"self":[{"href":"https:\/\/eterle.cz\/eshop\/wp-json\/wp\/v2\/product\/11969","targetHints":{"allow":["GET"]}}],"collection":[{"href":"https:\/\/eterle.cz\/eshop\/wp-json\/wp\/v2\/product"}],"about":[{"href":"https:\/\/eterle.cz\/eshop\/wp-json\/wp\/v2\/types\/product"}],"version-history":[{"count":0,"href":"https:\/\/eterle.cz\/eshop\/wp-json\/wp\/v2\/product\/11969\/revisions"}],"wp:featuredmedia":[{"embeddable":true,"href":"https:\/\/eterle.cz\/eshop\/wp-json\/wp\/v2\/media\/11970"}],"wp:attachment":[{"href":"https:\/\/eterle.cz\/eshop\/wp-json\/wp\/v2\/media?parent=11969"}],"wp:term":[{"taxonomy":"product_brand","embeddable":true,"href":"https:\/\/eterle.cz\/eshop\/wp-json\/wp\/v2\/product_brand?post=11969"},{"taxonomy":"product_cat","embeddable":true,"href":"https:\/\/eterle.cz\/eshop\/wp-json\/wp\/v2\/product_cat?post=11969"},{"taxonomy":"product_tag","embeddable":true,"href":"https:\/\/eterle.cz\/eshop\/wp-json\/wp\/v2\/product_tag?post=11969"}],"curies":[{"name":"wp","href":"https:\/\/api.w.org\/{rel}","templated":true}]}}