{"id":12115,"date":"2022-11-09T22:23:57","date_gmt":"2022-11-09T21:23:57","guid":{"rendered":"https:\/\/eterle.cz\/eshop\/produkt\/jidelni-zidle-kovona\/"},"modified":"2026-02-08T10:38:39","modified_gmt":"2026-02-08T09:38:39","slug":"jidelni-zidle-kovona","status":"publish","type":"product","link":"https:\/\/eterle.cz\/eshop\/produkt\/jidelni-zidle-kovona\/","title":{"rendered":"J\u00eddeln\u00ed \u017eidle \/ Kovona"},"content":{"rendered":"<p>J\u00eddeln\u00ed \u017eidle v proveden\u00ed chrom a buk vyrobena v n\u00e1rodn\u00edm podniku Kovona (nositel \u0159\u00e1du pr\u00e1ce), z\u00e1vod Byst\u0159ice pod Host\u00fdnem. I kdy\u017e poch\u00e1z\u00ed ze 70. let p\u016fsob\u00ed vzdu\u0161n\u00fdm a modern\u00edm dojmem. Hodit se bude nap\u0159\u00edklad do industri\u00e1ln\u00edho prostoru, ale stejn\u011b tak si ho um\u00edme p\u0159edstavit i v kombinaci se skandin\u00e1vsk\u00fdm stylem.<\/p>\n<p>Stav: zachoval\u00fd p\u016fvodn\u00ed stav s drobn\u00fdmi nedostatky. Chrom v dobr\u00e9m stavu, jen m\u00edsty nepatrn\u00e9 zn\u00e1mky koroze. Ka\u017ed\u00e1 \u017eidle m\u016f\u017ee m\u00edt trochu jinou patinu, vyfocena je jedna jako ilustrativn\u00ed.<br \/>\nZna\u010dka: Kovona<br \/>\nRozm\u011br<br \/>\nV\u00fd\u0161ka: 77 cm<br \/>\nPr\u016fm\u011br: 40 cm<br \/>\nV\u00fd\u0161ka sed\u00e1ku: 42 cm<\/p>\n","protected":false},"excerpt":{"rendered":"<p>J\u00eddeln\u00ed \u017eidle v proveden\u00ed chrom a buk vyrobena v n\u00e1rodn\u00edm podniku Kovona (nositel \u0159\u00e1du pr\u00e1ce), z\u00e1vod Byst\u0159ice pod Host\u00fdnem. I<\/p>\n","protected":false},"featured_media":12116,"template":"","meta":[],"product_brand":[153],"product_cat":[130,121],"product_tag":[],"class_list":{"0":"post-12115","1":"product","2":"type-product","3":"status-publish","4":"has-post-thumbnail","6":"product_brand-eterle-cz","7":"product_cat-nabytek","8":"product_cat-zidle","9":"product_shipping_class-nadrozmerne","11":"first","12":"outofstock","13":"purchasable","14":"product-type-simple"},"_links":{"self":[{"href":"https:\/\/eterle.cz\/eshop\/wp-json\/wp\/v2\/product\/12115","targetHints":{"allow":["GET"]}}],"collection":[{"href":"https:\/\/eterle.cz\/eshop\/wp-json\/wp\/v2\/product"}],"about":[{"href":"https:\/\/eterle.cz\/eshop\/wp-json\/wp\/v2\/types\/product"}],"version-history":[{"count":1,"href":"https:\/\/eterle.cz\/eshop\/wp-json\/wp\/v2\/product\/12115\/revisions"}],"predecessor-version":[{"id":26201,"href":"https:\/\/eterle.cz\/eshop\/wp-json\/wp\/v2\/product\/12115\/revisions\/26201"}],"wp:featuredmedia":[{"embeddable":true,"href":"https:\/\/eterle.cz\/eshop\/wp-json\/wp\/v2\/media\/12116"}],"wp:attachment":[{"href":"https:\/\/eterle.cz\/eshop\/wp-json\/wp\/v2\/media?parent=12115"}],"wp:term":[{"taxonomy":"product_brand","embeddable":true,"href":"https:\/\/eterle.cz\/eshop\/wp-json\/wp\/v2\/product_brand?post=12115"},{"taxonomy":"product_cat","embeddable":true,"href":"https:\/\/eterle.cz\/eshop\/wp-json\/wp\/v2\/product_cat?post=12115"},{"taxonomy":"product_tag","embeddable":true,"href":"https:\/\/eterle.cz\/eshop\/wp-json\/wp\/v2\/product_tag?post=12115"}],"curies":[{"name":"wp","href":"https:\/\/api.w.org\/{rel}","templated":true}]}}