{"id":12123,"date":"2022-11-09T22:24:15","date_gmt":"2022-11-09T21:24:15","guid":{"rendered":"https:\/\/eterle.cz\/eshop\/produkt\/taburet-2\/"},"modified":"2025-02-16T02:56:14","modified_gmt":"2025-02-16T01:56:14","slug":"taburet-2","status":"publish","type":"product","link":"https:\/\/eterle.cz\/eshop\/produkt\/taburet-2\/","title":{"rendered":"Taburet"},"content":{"rendered":"<p>Atypick\u00fd taburet, jeho\u017e p\u016fvod se n\u00e1m nepoda\u0159io dohledat, ale domn\u00edv\u00e1me se, \u017ee jde o zahrani\u010dn\u00ed velmi kvalitn\u00ed v\u00fdrobu.<\/p>\n<p>Stav: ve velmi dobr\u00e9m p\u016fvodn\u00edm stavu<br \/>\nRozm\u011br<br \/>\nV\u00fd\u0161ka: 44 cm<br \/>\n\u0160\u00ed\u0159ka: 44 cm<br \/>\nHloubka: 44 cm<\/p>\n","protected":false},"excerpt":{"rendered":"<p>Atypick\u00fd taburet, jeho\u017e p\u016fvod se n\u00e1m nepoda\u0159io dohledat, ale domn\u00edv\u00e1me se, \u017ee jde o zahrani\u010dn\u00ed velmi kvalitn\u00ed v\u00fdrobu. Stav: ve<\/p>\n","protected":false},"featured_media":12124,"template":"","meta":[],"product_brand":[153],"product_cat":[91],"product_tag":[],"class_list":{"0":"post-12123","1":"product","2":"type-product","3":"status-publish","4":"has-post-thumbnail","6":"product_brand-eterle-cz","7":"product_cat-prodane","8":"product_shipping_class-nadrozmerne","10":"first","11":"outofstock","12":"purchasable","13":"product-type-simple"},"_links":{"self":[{"href":"https:\/\/eterle.cz\/eshop\/wp-json\/wp\/v2\/product\/12123","targetHints":{"allow":["GET"]}}],"collection":[{"href":"https:\/\/eterle.cz\/eshop\/wp-json\/wp\/v2\/product"}],"about":[{"href":"https:\/\/eterle.cz\/eshop\/wp-json\/wp\/v2\/types\/product"}],"version-history":[{"count":0,"href":"https:\/\/eterle.cz\/eshop\/wp-json\/wp\/v2\/product\/12123\/revisions"}],"wp:featuredmedia":[{"embeddable":true,"href":"https:\/\/eterle.cz\/eshop\/wp-json\/wp\/v2\/media\/12124"}],"wp:attachment":[{"href":"https:\/\/eterle.cz\/eshop\/wp-json\/wp\/v2\/media?parent=12123"}],"wp:term":[{"taxonomy":"product_brand","embeddable":true,"href":"https:\/\/eterle.cz\/eshop\/wp-json\/wp\/v2\/product_brand?post=12123"},{"taxonomy":"product_cat","embeddable":true,"href":"https:\/\/eterle.cz\/eshop\/wp-json\/wp\/v2\/product_cat?post=12123"},{"taxonomy":"product_tag","embeddable":true,"href":"https:\/\/eterle.cz\/eshop\/wp-json\/wp\/v2\/product_tag?post=12123"}],"curies":[{"name":"wp","href":"https:\/\/api.w.org\/{rel}","templated":true}]}}