{"id":12130,"date":"2022-11-09T22:24:33","date_gmt":"2022-11-09T21:24:33","guid":{"rendered":"https:\/\/eterle.cz\/eshop\/produkt\/kreslo-kozelka-a-kropacek\/"},"modified":"2026-04-26T20:34:18","modified_gmt":"2026-04-26T18:34:18","slug":"kreslo-kozelka-a-kropacek","status":"publish","type":"product","link":"https:\/\/eterle.cz\/eshop\/produkt\/kreslo-kozelka-a-kropacek\/","title":{"rendered":"K\u0159eslo \/ Ko\u017eelka a Krop\u00e1\u010dek"},"content":{"rendered":"<p>K\u0159eslo z 50. let minul\u00e9ho stolet\u00ed dle n\u00e1vrhu Karla Ko\u017eelky a Anton\u00edna Krop\u00e1\u010dka pat\u0159\u00ed mezi sadu n\u00e1bytku, kter\u00e1 obdr\u017eela st\u0159\u00edbrnou medaili na mil\u00e1nsk\u00e9m Trienn\u00e1le v roce 1946, nejstar\u0161\u00ed a nejpresti\u017en\u011bj\u0161\u00ed mezin\u00e1rodn\u00ed p\u0159ehl\u00eddce designu a architektury. Toto ikonick\u00e9 k\u0159eslo pro\u0161lo kompletn\u00ed renovac\u00ed \u010daloun\u011bn\u00ed. Matrace je vyrobena p\u016fvodn\u00ed metodou za pou\u017eit\u00ed gumo\u017e\u00edn\u00ed.<\/p>\n<p>Stav: d\u0159evo p\u016fvodn\u00ed stav, popruhy a matrace komplet nov\u00e9<br \/>\nZna\u010dka: Ko\u017eelka a Krop\u00e1\u010dek<br \/>\nRozm\u011br<br \/>\nV\u00fd\u0161ka: 73 cm<br \/>\n\u0160\u00ed\u0159ka: 65 cm<br \/>\nHloubka: 78 cm<br \/>\n\u0160\u00ed\u0159ka sed\u00e1ku: 50 cm<br \/>\nHloubka sed\u00e1ku: 53 cm<br \/>\nV\u00fd\u0161ka sed\u00e1ku: 39 cm<\/p>\n","protected":false},"excerpt":{"rendered":"<p>K\u0159eslo z 50. let minul\u00e9ho stolet\u00ed dle n\u00e1vrhu Karla Ko\u017eelky a Anton\u00edna Krop\u00e1\u010dka pat\u0159\u00ed mezi sadu n\u00e1bytku, kter\u00e1 obdr\u017eela st\u0159\u00edbrnou<\/p>\n","protected":false},"featured_media":12131,"template":"","meta":[],"product_brand":[153],"product_cat":[91],"product_tag":[],"class_list":{"0":"post-12130","1":"product","2":"type-product","3":"status-publish","4":"has-post-thumbnail","6":"product_brand-eterle-cz","7":"product_cat-prodane","8":"product_shipping_class-nadrozmerne","10":"first","11":"outofstock","12":"purchasable","13":"product-type-simple"},"_links":{"self":[{"href":"https:\/\/eterle.cz\/eshop\/wp-json\/wp\/v2\/product\/12130","targetHints":{"allow":["GET"]}}],"collection":[{"href":"https:\/\/eterle.cz\/eshop\/wp-json\/wp\/v2\/product"}],"about":[{"href":"https:\/\/eterle.cz\/eshop\/wp-json\/wp\/v2\/types\/product"}],"version-history":[{"count":2,"href":"https:\/\/eterle.cz\/eshop\/wp-json\/wp\/v2\/product\/12130\/revisions"}],"predecessor-version":[{"id":37121,"href":"https:\/\/eterle.cz\/eshop\/wp-json\/wp\/v2\/product\/12130\/revisions\/37121"}],"wp:featuredmedia":[{"embeddable":true,"href":"https:\/\/eterle.cz\/eshop\/wp-json\/wp\/v2\/media\/12131"}],"wp:attachment":[{"href":"https:\/\/eterle.cz\/eshop\/wp-json\/wp\/v2\/media?parent=12130"}],"wp:term":[{"taxonomy":"product_brand","embeddable":true,"href":"https:\/\/eterle.cz\/eshop\/wp-json\/wp\/v2\/product_brand?post=12130"},{"taxonomy":"product_cat","embeddable":true,"href":"https:\/\/eterle.cz\/eshop\/wp-json\/wp\/v2\/product_cat?post=12130"},{"taxonomy":"product_tag","embeddable":true,"href":"https:\/\/eterle.cz\/eshop\/wp-json\/wp\/v2\/product_tag?post=12130"}],"curies":[{"name":"wp","href":"https:\/\/api.w.org\/{rel}","templated":true}]}}