{"id":12138,"date":"2022-11-09T22:24:53","date_gmt":"2022-11-09T21:24:53","guid":{"rendered":"https:\/\/eterle.cz\/eshop\/produkt\/odkladaci-funkcionalisticky-stolek-breuer\/"},"modified":"2025-02-16T02:56:14","modified_gmt":"2025-02-16T01:56:14","slug":"odkladaci-funkcionalisticky-stolek-breuer","status":"publish","type":"product","link":"https:\/\/eterle.cz\/eshop\/produkt\/odkladaci-funkcionalisticky-stolek-breuer\/","title":{"rendered":"Odkl\u00e1dac\u00ed funkcionalistick\u00fd stolek \/ Breuer"},"content":{"rendered":"<p>Funkcionalistick\u00fd odkl\u00e1dac\u00ed stolek v\u00fdroba pravd\u011bpodobn\u011b M\u00fccke Melder podle n\u00e1vrhu Marcela Breuera v r. 1928. Chromovan\u00e1 trubkov\u00e1 konstrukce s deskou z bukov\u00e9ho d\u0159eva.<\/p>\n<p>Stav: velmi dobr\u00fd p\u016fvodn\u00ed stav, chrom vy\u010di\u0161t\u011bn. D\u0159ev\u011bn\u00e1 deska lehk\u00e1 patina s mal\u00fdm tmav\u0161\u00edm flekem.<br \/>\nZna\u010dka: Breuer<br \/>\nRozm\u011br<br \/>\nV\u00fd\u0161ka: 51 cm<br \/>\n\u0160\u00ed\u0159ka: 52 cm<br \/>\nHloubka: 40,5 cm<\/p>\n","protected":false},"excerpt":{"rendered":"<p>Funkcionalistick\u00fd odkl\u00e1dac\u00ed stolek v\u00fdroba pravd\u011bpodobn\u011b M\u00fccke Melder podle n\u00e1vrhu Marcela Breuera v r. 1928. Chromovan\u00e1 trubkov\u00e1 konstrukce s deskou z<\/p>\n","protected":false},"featured_media":12139,"template":"","meta":[],"product_brand":[153],"product_cat":[91],"product_tag":[],"class_list":{"0":"post-12138","1":"product","2":"type-product","3":"status-publish","4":"has-post-thumbnail","6":"product_brand-eterle-cz","7":"product_cat-prodane","8":"product_shipping_class-nadrozmerne","10":"first","11":"outofstock","12":"purchasable","13":"product-type-simple"},"_links":{"self":[{"href":"https:\/\/eterle.cz\/eshop\/wp-json\/wp\/v2\/product\/12138","targetHints":{"allow":["GET"]}}],"collection":[{"href":"https:\/\/eterle.cz\/eshop\/wp-json\/wp\/v2\/product"}],"about":[{"href":"https:\/\/eterle.cz\/eshop\/wp-json\/wp\/v2\/types\/product"}],"version-history":[{"count":0,"href":"https:\/\/eterle.cz\/eshop\/wp-json\/wp\/v2\/product\/12138\/revisions"}],"wp:featuredmedia":[{"embeddable":true,"href":"https:\/\/eterle.cz\/eshop\/wp-json\/wp\/v2\/media\/12139"}],"wp:attachment":[{"href":"https:\/\/eterle.cz\/eshop\/wp-json\/wp\/v2\/media?parent=12138"}],"wp:term":[{"taxonomy":"product_brand","embeddable":true,"href":"https:\/\/eterle.cz\/eshop\/wp-json\/wp\/v2\/product_brand?post=12138"},{"taxonomy":"product_cat","embeddable":true,"href":"https:\/\/eterle.cz\/eshop\/wp-json\/wp\/v2\/product_cat?post=12138"},{"taxonomy":"product_tag","embeddable":true,"href":"https:\/\/eterle.cz\/eshop\/wp-json\/wp\/v2\/product_tag?post=12138"}],"curies":[{"name":"wp","href":"https:\/\/api.w.org\/{rel}","templated":true}]}}