{"id":12145,"date":"2022-11-09T22:25:09","date_gmt":"2022-11-09T21:25:09","guid":{"rendered":"https:\/\/eterle.cz\/eshop\/produkt\/lustr-jahoda\/"},"modified":"2025-07-07T09:37:22","modified_gmt":"2025-07-07T07:37:22","slug":"lustr-jahoda","status":"publish","type":"product","link":"https:\/\/eterle.cz\/eshop\/produkt\/lustr-jahoda\/","title":{"rendered":"Lustr jahoda"},"content":{"rendered":"<p>Lustr z op\u00e1lov\u00e9ho b\u00edl\u00e9ho skla, kter\u00fd sv\u00fdm tvarem p\u0159ipom\u00edn\u00e1 jahodu. Jednoduch\u00fd, nad\u010dasov\u00fd kus.<\/p>\n<p>Stav: dobr\u00fd, ty\u010d patina. Funk\u010dn\u00ed, elektroinstalace p\u016fvodn\u00ed<br \/>\nRozm\u011br<br \/>\nPr\u016fm\u011br: 25 cm<br \/>\nV\u00fd\u0161ka st\u00ednidla : 25 cm<br \/>\nV\u00fd\u0161ka ty\u010de: 35 cm<br \/>\nV\u00fd\u0161ka: 60 cm<\/p>\n","protected":false},"excerpt":{"rendered":"<p>Lustr z op\u00e1lov\u00e9ho b\u00edl\u00e9ho skla, kter\u00fd sv\u00fdm tvarem p\u0159ipom\u00edn\u00e1 jahodu. Jednoduch\u00fd, nad\u010dasov\u00fd kus. Stav: dobr\u00fd, ty\u010d patina. Funk\u010dn\u00ed, elektroinstalace p\u016fvodn\u00ed<\/p>\n","protected":false},"featured_media":12146,"template":"","meta":[],"product_brand":[153],"product_cat":[79,140],"product_tag":[],"class_list":{"0":"post-12145","1":"product","2":"type-product","3":"status-publish","4":"has-post-thumbnail","6":"product_brand-eterle-cz","7":"product_cat-svetla","8":"product_cat-lustry","9":"product_shipping_class-nadrozmerne","11":"first","12":"instock","13":"purchasable","14":"product-type-simple"},"_links":{"self":[{"href":"https:\/\/eterle.cz\/eshop\/wp-json\/wp\/v2\/product\/12145","targetHints":{"allow":["GET"]}}],"collection":[{"href":"https:\/\/eterle.cz\/eshop\/wp-json\/wp\/v2\/product"}],"about":[{"href":"https:\/\/eterle.cz\/eshop\/wp-json\/wp\/v2\/types\/product"}],"version-history":[{"count":1,"href":"https:\/\/eterle.cz\/eshop\/wp-json\/wp\/v2\/product\/12145\/revisions"}],"predecessor-version":[{"id":26200,"href":"https:\/\/eterle.cz\/eshop\/wp-json\/wp\/v2\/product\/12145\/revisions\/26200"}],"wp:featuredmedia":[{"embeddable":true,"href":"https:\/\/eterle.cz\/eshop\/wp-json\/wp\/v2\/media\/12146"}],"wp:attachment":[{"href":"https:\/\/eterle.cz\/eshop\/wp-json\/wp\/v2\/media?parent=12145"}],"wp:term":[{"taxonomy":"product_brand","embeddable":true,"href":"https:\/\/eterle.cz\/eshop\/wp-json\/wp\/v2\/product_brand?post=12145"},{"taxonomy":"product_cat","embeddable":true,"href":"https:\/\/eterle.cz\/eshop\/wp-json\/wp\/v2\/product_cat?post=12145"},{"taxonomy":"product_tag","embeddable":true,"href":"https:\/\/eterle.cz\/eshop\/wp-json\/wp\/v2\/product_tag?post=12145"}],"curies":[{"name":"wp","href":"https:\/\/api.w.org\/{rel}","templated":true}]}}