{"id":12150,"date":"2022-11-09T22:25:20","date_gmt":"2022-11-09T21:25:20","guid":{"rendered":"https:\/\/eterle.cz\/eshop\/produkt\/stolni-lampicka-3\/"},"modified":"2025-02-16T02:56:13","modified_gmt":"2025-02-16T01:56:13","slug":"stolni-lampicka-3","status":"publish","type":"product","link":"https:\/\/eterle.cz\/eshop\/produkt\/stolni-lampicka-3\/","title":{"rendered":"Stoln\u00ed lampi\u010dka"},"content":{"rendered":"<p>Pomeran\u010dov\u00e1 kovov\u00e1 lampi\u010dka ze 70. let minul\u00e9ho stolet\u00ed na psac\u00ed st\u016fl \u010di no\u010dn\u00ed stolek.<\/p>\n<p>Stav: dobr\u00fd zachoval\u00fd stav s drobn\u00fdmi od\u011brkami<br \/>\nRozm\u011br<br \/>\nPr\u016fm\u011br doln\u00edho podstavce: 15 cm<br \/>\nV\u00fd\u0161ka: 41 cm<br \/>\nPr\u016fm\u011br st\u00ednidla: 14 cm<br \/>\nD\u00e9lka st\u00ednidla: 15 cm<\/p>\n","protected":false},"excerpt":{"rendered":"<p>Pomeran\u010dov\u00e1 kovov\u00e1 lampi\u010dka ze 70. let minul\u00e9ho stolet\u00ed na psac\u00ed st\u016fl \u010di no\u010dn\u00ed stolek. Stav: dobr\u00fd zachoval\u00fd stav s drobn\u00fdmi<\/p>\n","protected":false},"featured_media":12151,"template":"","meta":[],"product_brand":[153],"product_cat":[91],"product_tag":[],"class_list":{"0":"post-12150","1":"product","2":"type-product","3":"status-publish","4":"has-post-thumbnail","6":"product_brand-eterle-cz","7":"product_cat-prodane","8":"product_shipping_class-nadrozmerne","10":"first","11":"outofstock","12":"purchasable","13":"product-type-simple"},"_links":{"self":[{"href":"https:\/\/eterle.cz\/eshop\/wp-json\/wp\/v2\/product\/12150","targetHints":{"allow":["GET"]}}],"collection":[{"href":"https:\/\/eterle.cz\/eshop\/wp-json\/wp\/v2\/product"}],"about":[{"href":"https:\/\/eterle.cz\/eshop\/wp-json\/wp\/v2\/types\/product"}],"version-history":[{"count":0,"href":"https:\/\/eterle.cz\/eshop\/wp-json\/wp\/v2\/product\/12150\/revisions"}],"wp:featuredmedia":[{"embeddable":true,"href":"https:\/\/eterle.cz\/eshop\/wp-json\/wp\/v2\/media\/12151"}],"wp:attachment":[{"href":"https:\/\/eterle.cz\/eshop\/wp-json\/wp\/v2\/media?parent=12150"}],"wp:term":[{"taxonomy":"product_brand","embeddable":true,"href":"https:\/\/eterle.cz\/eshop\/wp-json\/wp\/v2\/product_brand?post=12150"},{"taxonomy":"product_cat","embeddable":true,"href":"https:\/\/eterle.cz\/eshop\/wp-json\/wp\/v2\/product_cat?post=12150"},{"taxonomy":"product_tag","embeddable":true,"href":"https:\/\/eterle.cz\/eshop\/wp-json\/wp\/v2\/product_tag?post=12150"}],"curies":[{"name":"wp","href":"https:\/\/api.w.org\/{rel}","templated":true}]}}