{"id":12664,"date":"2022-12-30T10:22:13","date_gmt":"2022-12-30T09:22:13","guid":{"rendered":"https:\/\/eterle.cz\/eshop\/produkt\/porcelanovy-tac-rosenthal\/"},"modified":"2025-02-16T02:56:12","modified_gmt":"2025-02-16T01:56:12","slug":"porcelanovy-tac-rosenthal","status":"publish","type":"product","link":"https:\/\/eterle.cz\/eshop\/produkt\/porcelanovy-tac-rosenthal\/","title":{"rendered":"Porcel\u00e1nov\u00fd t\u00e1c \/ Rosenthal"},"content":{"rendered":"<p>T\u00e1c s velmi dekorativn\u00edm plastick\u00fdm vzorem secesn\u00edch kv\u011btin od zn\u00e1m\u00e9 a vysoce cen\u011bn\u00e9 porcel\u00e1nky Rosenthal. Vhodn\u00fd nejen na cukrov\u00ed, ale vyu\u017eijete jej celoro\u010dn\u011b t\u0159eba na drobn\u00e9 poho\u0161t\u011bn\u00ed.<\/p>\n<p>Stav: velmi dobr\u00fd, m\u00edrn\u00e9 zn\u00e1mky pou\u017e\u00edv\u00e1n\u00ed, bez o\u0165uk\u016f<br \/>\nZna\u010dka: Rosenthal<br \/>\nRozm\u011br<br \/>\nPr\u016fm\u011br: 31 cm (bez uch)<\/p>\n","protected":false},"excerpt":{"rendered":"<p>T\u00e1c s velmi dekorativn\u00edm plastick\u00fdm vzorem secesn\u00edch kv\u011btin od zn\u00e1m\u00e9 a vysoce cen\u011bn\u00e9 porcel\u00e1nky Rosenthal. Vhodn\u00fd nejen na cukrov\u00ed, ale<\/p>\n","protected":false},"featured_media":12266,"template":"","meta":[],"product_brand":[153],"product_cat":[91],"product_tag":[],"class_list":{"0":"post-12664","1":"product","2":"type-product","3":"status-publish","4":"has-post-thumbnail","6":"product_brand-eterle-cz","7":"product_cat-prodane","9":"first","10":"outofstock","11":"purchasable","12":"product-type-simple"},"_links":{"self":[{"href":"https:\/\/eterle.cz\/eshop\/wp-json\/wp\/v2\/product\/12664","targetHints":{"allow":["GET"]}}],"collection":[{"href":"https:\/\/eterle.cz\/eshop\/wp-json\/wp\/v2\/product"}],"about":[{"href":"https:\/\/eterle.cz\/eshop\/wp-json\/wp\/v2\/types\/product"}],"version-history":[{"count":0,"href":"https:\/\/eterle.cz\/eshop\/wp-json\/wp\/v2\/product\/12664\/revisions"}],"wp:featuredmedia":[{"embeddable":true,"href":"https:\/\/eterle.cz\/eshop\/wp-json\/wp\/v2\/media\/12266"}],"wp:attachment":[{"href":"https:\/\/eterle.cz\/eshop\/wp-json\/wp\/v2\/media?parent=12664"}],"wp:term":[{"taxonomy":"product_brand","embeddable":true,"href":"https:\/\/eterle.cz\/eshop\/wp-json\/wp\/v2\/product_brand?post=12664"},{"taxonomy":"product_cat","embeddable":true,"href":"https:\/\/eterle.cz\/eshop\/wp-json\/wp\/v2\/product_cat?post=12664"},{"taxonomy":"product_tag","embeddable":true,"href":"https:\/\/eterle.cz\/eshop\/wp-json\/wp\/v2\/product_tag?post=12664"}],"curies":[{"name":"wp","href":"https:\/\/api.w.org\/{rel}","templated":true}]}}