{"id":12665,"date":"2022-12-30T10:22:14","date_gmt":"2022-12-30T09:22:14","guid":{"rendered":"https:\/\/eterle.cz\/eshop\/produkt\/cajova-sada-pro-4-villeroy-boch\/"},"modified":"2025-06-24T01:52:47","modified_gmt":"2025-06-23T23:52:47","slug":"cajova-sada-pro-4-villeroy-boch","status":"publish","type":"product","link":"https:\/\/eterle.cz\/eshop\/produkt\/cajova-sada-pro-4-villeroy-boch\/","title":{"rendered":"\u010cajov\u00e1 sada pro 4\/ Villeroy Boch"},"content":{"rendered":"<p>\u010cajov\u00e1 sada z kr\u00e1sn\u00e9ho tenk\u00e9ho st\u0159epu v lomen\u00e9 b\u00edl\u00e9 barv\u011b zdobena plastick\u00fdm vzorem pomn\u011bnek. D\u00edky kombinaci kv\u011bt\u016f a linky p\u016fsob\u00ed modern\u011b romanticky a p\u0159edev\u0161\u00edm velmi n\u011b\u017en\u011b. Sada obsahuje: 4 \u0161\u00e1lky s pod\u0161\u00e1lky, cuk\u0159enku, ml\u00e9kovku.<\/p>\n<p>Stav: velmi dobr\u00fd, jen cuk\u0159enka m\u00e1 pravd\u011bpodobn\u011b lepen\u00fd \u00fachyt a jeden tal\u00ed\u0159ek m\u00e1 mal\u00fd o\u0165uk<br \/>\nZna\u010dka: Villeroy Boch<br \/>\nRozm\u011br<br \/>\nObjem hrne\u010dku: 160 ml<br \/>\nV\u00fd\u0161ka hrne\u010dku: 6,5 cm<br \/>\nPr\u016fm\u011br pod\u0161\u00e1lku: 14,5 cm<br \/>\nObjem ml\u00e9kovky: 200 cm<br \/>\nCuk\u0159enka v\u00fd\u0161ka: 10 cm (6,5)<br \/>\nPr\u016fm\u011br cuk\u0159enky: 11 x 9,5 cm<\/p>\n","protected":false},"excerpt":{"rendered":"<p>\u010cajov\u00e1 sada z kr\u00e1sn\u00e9ho tenk\u00e9ho st\u0159epu v lomen\u00e9 b\u00edl\u00e9 barv\u011b zdobena plastick\u00fdm vzorem pomn\u011bnek. D\u00edky kombinaci kv\u011bt\u016f a linky p\u016fsob\u00ed<\/p>\n","protected":false},"featured_media":12268,"template":"","meta":[],"product_brand":[153],"product_cat":[76,111],"product_tag":[],"class_list":{"0":"post-12665","1":"product","2":"type-product","3":"status-publish","4":"has-post-thumbnail","6":"product_brand-eterle-cz","7":"product_cat-porcelan","8":"product_cat-porcelanove-sady","10":"first","11":"instock","12":"purchasable","13":"product-type-simple"},"_links":{"self":[{"href":"https:\/\/eterle.cz\/eshop\/wp-json\/wp\/v2\/product\/12665","targetHints":{"allow":["GET"]}}],"collection":[{"href":"https:\/\/eterle.cz\/eshop\/wp-json\/wp\/v2\/product"}],"about":[{"href":"https:\/\/eterle.cz\/eshop\/wp-json\/wp\/v2\/types\/product"}],"version-history":[{"count":1,"href":"https:\/\/eterle.cz\/eshop\/wp-json\/wp\/v2\/product\/12665\/revisions"}],"predecessor-version":[{"id":26198,"href":"https:\/\/eterle.cz\/eshop\/wp-json\/wp\/v2\/product\/12665\/revisions\/26198"}],"wp:featuredmedia":[{"embeddable":true,"href":"https:\/\/eterle.cz\/eshop\/wp-json\/wp\/v2\/media\/12268"}],"wp:attachment":[{"href":"https:\/\/eterle.cz\/eshop\/wp-json\/wp\/v2\/media?parent=12665"}],"wp:term":[{"taxonomy":"product_brand","embeddable":true,"href":"https:\/\/eterle.cz\/eshop\/wp-json\/wp\/v2\/product_brand?post=12665"},{"taxonomy":"product_cat","embeddable":true,"href":"https:\/\/eterle.cz\/eshop\/wp-json\/wp\/v2\/product_cat?post=12665"},{"taxonomy":"product_tag","embeddable":true,"href":"https:\/\/eterle.cz\/eshop\/wp-json\/wp\/v2\/product_tag?post=12665"}],"curies":[{"name":"wp","href":"https:\/\/api.w.org\/{rel}","templated":true}]}}