{"id":12667,"date":"2022-12-30T10:22:17","date_gmt":"2022-12-30T09:22:17","guid":{"rendered":"https:\/\/eterle.cz\/eshop\/produkt\/cajova-konvice-thomas\/"},"modified":"2025-02-16T02:56:11","modified_gmt":"2025-02-16T01:56:11","slug":"cajova-konvice-thomas","status":"publish","type":"product","link":"https:\/\/eterle.cz\/eshop\/produkt\/cajova-konvice-thomas\/","title":{"rendered":"\u010cajov\u00e1 konvice \/ Thomas"},"content":{"rendered":"<p>\u010cajov\u00e1 konvice od n\u011bmeck\u00e9 porcel\u00e1nky Thomas. Tato zna\u010dka vznikla v roce 1903 a spad\u00e1 pod skupinu Rosenthal. U\u017e od 50. let minul\u00e9ho stolet\u00ed se Thomas zam\u011b\u0159uje p\u0159edev\u0161\u00edm na jednoduch\u00fd stylov\u00fd porcel\u00e1n pro mlad\u00e9. Jeho v\u00fdrobky pat\u0159\u00ed mezi nejprod\u00e1van\u011bj\u0161\u00ed porcel\u00e1nov\u00e9 \u0159ady na sv\u011bt\u011b. Za sv\u016fj design ji\u017e nav\u00edc z\u00edskal v\u00edce jak 50 mezin\u00e1rodn\u011b uzn\u00e1van\u00fdch ocen\u011bn\u00ed.<\/p>\n<p>Stav: velmi dobr\u00fd stav, jen cca 1mm o\u0165uk ve zlat\u00e9 lince na horn\u00edm okraji<br \/>\nZna\u010dka: Thomas<br \/>\nRozm\u011br<br \/>\nObjem: 1 l<br \/>\nV\u00fd\u0161ka: 22,5 cm<\/p>\n","protected":false},"excerpt":{"rendered":"<p>\u010cajov\u00e1 konvice od n\u011bmeck\u00e9 porcel\u00e1nky Thomas. Tato zna\u010dka vznikla v roce 1903 a spad\u00e1 pod skupinu Rosenthal. U\u017e od 50.<\/p>\n","protected":false},"featured_media":12272,"template":"","meta":[],"product_brand":[153],"product_cat":[91],"product_tag":[],"class_list":{"0":"post-12667","1":"product","2":"type-product","3":"status-publish","4":"has-post-thumbnail","6":"product_brand-eterle-cz","7":"product_cat-prodane","9":"first","10":"outofstock","11":"purchasable","12":"product-type-simple"},"_links":{"self":[{"href":"https:\/\/eterle.cz\/eshop\/wp-json\/wp\/v2\/product\/12667","targetHints":{"allow":["GET"]}}],"collection":[{"href":"https:\/\/eterle.cz\/eshop\/wp-json\/wp\/v2\/product"}],"about":[{"href":"https:\/\/eterle.cz\/eshop\/wp-json\/wp\/v2\/types\/product"}],"version-history":[{"count":1,"href":"https:\/\/eterle.cz\/eshop\/wp-json\/wp\/v2\/product\/12667\/revisions"}],"predecessor-version":[{"id":21424,"href":"https:\/\/eterle.cz\/eshop\/wp-json\/wp\/v2\/product\/12667\/revisions\/21424"}],"wp:featuredmedia":[{"embeddable":true,"href":"https:\/\/eterle.cz\/eshop\/wp-json\/wp\/v2\/media\/12272"}],"wp:attachment":[{"href":"https:\/\/eterle.cz\/eshop\/wp-json\/wp\/v2\/media?parent=12667"}],"wp:term":[{"taxonomy":"product_brand","embeddable":true,"href":"https:\/\/eterle.cz\/eshop\/wp-json\/wp\/v2\/product_brand?post=12667"},{"taxonomy":"product_cat","embeddable":true,"href":"https:\/\/eterle.cz\/eshop\/wp-json\/wp\/v2\/product_cat?post=12667"},{"taxonomy":"product_tag","embeddable":true,"href":"https:\/\/eterle.cz\/eshop\/wp-json\/wp\/v2\/product_tag?post=12667"}],"curies":[{"name":"wp","href":"https:\/\/api.w.org\/{rel}","templated":true}]}}