{"id":12668,"date":"2022-12-30T10:22:18","date_gmt":"2022-12-30T09:22:18","guid":{"rendered":"https:\/\/eterle.cz\/eshop\/produkt\/cajova-konvice-arsberg\/"},"modified":"2025-02-16T02:56:11","modified_gmt":"2025-02-16T01:56:11","slug":"cajova-konvice-arsberg","status":"publish","type":"product","link":"https:\/\/eterle.cz\/eshop\/produkt\/cajova-konvice-arsberg\/","title":{"rendered":"\u010cajov\u00e1 konvice \/ Arsberg"},"content":{"rendered":"<p>\u010cajov\u00e1 konvice od porcel\u00e1nky Arsberg ocen\u011bna zlatou medail\u00ed na 11. Triennale v Mil\u00e1n\u011b. Kr\u00e1sn\u00fd jednoduch\u00fd tvar s velmi jemn\u00fdm geometrick\u00fdm vzorem v olivov\u00e9 barv\u011b.<\/p>\n<p>Stav: perfektn\u00ed<br \/>\nZna\u010dka: Arsberg<br \/>\nRozm\u011br<br \/>\nObjem: 1,250 l<br \/>\nV\u00fd\u0161ka:  24 cm<\/p>\n","protected":false},"excerpt":{"rendered":"<p>\u010cajov\u00e1 konvice od porcel\u00e1nky Arsberg ocen\u011bna zlatou medail\u00ed na 11. Triennale v Mil\u00e1n\u011b. Kr\u00e1sn\u00fd jednoduch\u00fd tvar s velmi jemn\u00fdm geometrick\u00fdm<\/p>\n","protected":false},"featured_media":12274,"template":"","meta":[],"product_brand":[153],"product_cat":[91],"product_tag":[],"class_list":{"0":"post-12668","1":"product","2":"type-product","3":"status-publish","4":"has-post-thumbnail","6":"product_brand-eterle-cz","7":"product_cat-prodane","9":"first","10":"outofstock","11":"purchasable","12":"product-type-simple"},"_links":{"self":[{"href":"https:\/\/eterle.cz\/eshop\/wp-json\/wp\/v2\/product\/12668","targetHints":{"allow":["GET"]}}],"collection":[{"href":"https:\/\/eterle.cz\/eshop\/wp-json\/wp\/v2\/product"}],"about":[{"href":"https:\/\/eterle.cz\/eshop\/wp-json\/wp\/v2\/types\/product"}],"version-history":[{"count":0,"href":"https:\/\/eterle.cz\/eshop\/wp-json\/wp\/v2\/product\/12668\/revisions"}],"wp:featuredmedia":[{"embeddable":true,"href":"https:\/\/eterle.cz\/eshop\/wp-json\/wp\/v2\/media\/12274"}],"wp:attachment":[{"href":"https:\/\/eterle.cz\/eshop\/wp-json\/wp\/v2\/media?parent=12668"}],"wp:term":[{"taxonomy":"product_brand","embeddable":true,"href":"https:\/\/eterle.cz\/eshop\/wp-json\/wp\/v2\/product_brand?post=12668"},{"taxonomy":"product_cat","embeddable":true,"href":"https:\/\/eterle.cz\/eshop\/wp-json\/wp\/v2\/product_cat?post=12668"},{"taxonomy":"product_tag","embeddable":true,"href":"https:\/\/eterle.cz\/eshop\/wp-json\/wp\/v2\/product_tag?post=12668"}],"curies":[{"name":"wp","href":"https:\/\/api.w.org\/{rel}","templated":true}]}}