{"id":12669,"date":"2022-12-30T10:22:20","date_gmt":"2022-12-30T09:22:20","guid":{"rendered":"https:\/\/eterle.cz\/eshop\/produkt\/detska-jidelni-sada-epiag\/"},"modified":"2025-02-16T02:56:11","modified_gmt":"2025-02-16T01:56:11","slug":"detska-jidelni-sada-epiag","status":"publish","type":"product","link":"https:\/\/eterle.cz\/eshop\/produkt\/detska-jidelni-sada-epiag\/","title":{"rendered":"D\u011btsk\u00e1 j\u00eddeln\u00ed sada \/ Epiag"},"content":{"rendered":"<p>Ojedin\u011bl\u00e1 d\u011btsk\u00e1 j\u00eddeln\u00ed sada pro milovn\u00edky automobilismu vyrobena v \u010ceskoslovensku v porcel\u00e1nce Epiag.<\/p>\n<p>Stav: perfektn\u00ed<br \/>\nZna\u010dka: Epiag<br \/>\nRozm\u011br<br \/>\nPr\u016fm\u011br j\u00eddeln\u00edho tal\u00ed\u0159e: 21 cm<br \/>\nPr\u016fm\u011br hlubok\u00e9ho tal\u00ed\u0159e: 19 cm<br \/>\nV\u00fd\u0161ka hrne\u010dku: 6 cm<br \/>\nObjem hrne\u010dku: 150 ml<\/p>\n","protected":false},"excerpt":{"rendered":"<p>Ojedin\u011bl\u00e1 d\u011btsk\u00e1 j\u00eddeln\u00ed sada pro milovn\u00edky automobilismu vyrobena v \u010ceskoslovensku v porcel\u00e1nce Epiag. Stav: perfektn\u00ed Zna\u010dka: Epiag Rozm\u011br Pr\u016fm\u011br j\u00eddeln\u00edho<\/p>\n","protected":false},"featured_media":12276,"template":"","meta":[],"product_brand":[153],"product_cat":[91],"product_tag":[],"class_list":{"0":"post-12669","1":"product","2":"type-product","3":"status-publish","4":"has-post-thumbnail","6":"product_brand-eterle-cz","7":"product_cat-prodane","9":"first","10":"outofstock","11":"purchasable","12":"product-type-simple"},"_links":{"self":[{"href":"https:\/\/eterle.cz\/eshop\/wp-json\/wp\/v2\/product\/12669","targetHints":{"allow":["GET"]}}],"collection":[{"href":"https:\/\/eterle.cz\/eshop\/wp-json\/wp\/v2\/product"}],"about":[{"href":"https:\/\/eterle.cz\/eshop\/wp-json\/wp\/v2\/types\/product"}],"version-history":[{"count":0,"href":"https:\/\/eterle.cz\/eshop\/wp-json\/wp\/v2\/product\/12669\/revisions"}],"wp:featuredmedia":[{"embeddable":true,"href":"https:\/\/eterle.cz\/eshop\/wp-json\/wp\/v2\/media\/12276"}],"wp:attachment":[{"href":"https:\/\/eterle.cz\/eshop\/wp-json\/wp\/v2\/media?parent=12669"}],"wp:term":[{"taxonomy":"product_brand","embeddable":true,"href":"https:\/\/eterle.cz\/eshop\/wp-json\/wp\/v2\/product_brand?post=12669"},{"taxonomy":"product_cat","embeddable":true,"href":"https:\/\/eterle.cz\/eshop\/wp-json\/wp\/v2\/product_cat?post=12669"},{"taxonomy":"product_tag","embeddable":true,"href":"https:\/\/eterle.cz\/eshop\/wp-json\/wp\/v2\/product_tag?post=12669"}],"curies":[{"name":"wp","href":"https:\/\/api.w.org\/{rel}","templated":true}]}}