{"id":12670,"date":"2022-12-30T10:22:22","date_gmt":"2022-12-30T09:22:22","guid":{"rendered":"https:\/\/eterle.cz\/eshop\/produkt\/misa-ovalna-velka-wedgwood\/"},"modified":"2025-02-16T02:56:10","modified_gmt":"2025-02-16T01:56:10","slug":"misa-ovalna-velka-wedgwood","status":"publish","type":"product","link":"https:\/\/eterle.cz\/eshop\/produkt\/misa-ovalna-velka-wedgwood\/","title":{"rendered":"M\u00edsa ov\u00e1ln\u00e1 (velk\u00e1) \/ Wedgwood"},"content":{"rendered":"<p>Ov\u00e1ln\u00e1 m\u00edsa od exkluzivn\u00ed zna\u010dky Wedgwood z \u0159ady Royal homes of Britan v kr\u00e9mov\u00e9 barv\u011b s ru\u010dn\u011b malovan\u00fdm motivem kr\u00e1lovsk\u00fdch s\u00eddel. Pou\u017eity jsou velmi odoln\u00e9 barvy a malba je pod glazurou. Josiah Wedgwood poprv\u00e9 p\u0159edstavil svou kr\u00e9mov\u011b zbarvenou keramiku v 60. letech 18.. Kr\u00e1lovn\u011b Charlotte daroval \u010dajov\u00fd servis v tomto nov\u00e9m proveden\u00ed a ona si ho zamilovala natolik, \u017ee ho po\u017e\u00e1dala, aby jej nazval &#8222;Queen\u2019s Ware&#8220;. Toto ozna\u010den\u00ed se pou\u017e\u00edv\u00e1 dodnes.<\/p>\n<p>Stav: perfektn\u00ed<br \/>\nZna\u010dka: Wedgwood<br \/>\nRozm\u011br: 35 x 28 cm<\/p>\n","protected":false},"excerpt":{"rendered":"<p>Ov\u00e1ln\u00e1 m\u00edsa od exkluzivn\u00ed zna\u010dky Wedgwood z \u0159ady Royal homes of Britan v kr\u00e9mov\u00e9 barv\u011b s ru\u010dn\u011b malovan\u00fdm motivem kr\u00e1lovsk\u00fdch<\/p>\n","protected":false},"featured_media":12278,"template":"","meta":[],"product_brand":[153],"product_cat":[91],"product_tag":[],"class_list":{"0":"post-12670","1":"product","2":"type-product","3":"status-publish","4":"has-post-thumbnail","6":"product_brand-eterle-cz","7":"product_cat-prodane","9":"first","10":"outofstock","11":"purchasable","12":"product-type-simple"},"_links":{"self":[{"href":"https:\/\/eterle.cz\/eshop\/wp-json\/wp\/v2\/product\/12670","targetHints":{"allow":["GET"]}}],"collection":[{"href":"https:\/\/eterle.cz\/eshop\/wp-json\/wp\/v2\/product"}],"about":[{"href":"https:\/\/eterle.cz\/eshop\/wp-json\/wp\/v2\/types\/product"}],"version-history":[{"count":0,"href":"https:\/\/eterle.cz\/eshop\/wp-json\/wp\/v2\/product\/12670\/revisions"}],"wp:featuredmedia":[{"embeddable":true,"href":"https:\/\/eterle.cz\/eshop\/wp-json\/wp\/v2\/media\/12278"}],"wp:attachment":[{"href":"https:\/\/eterle.cz\/eshop\/wp-json\/wp\/v2\/media?parent=12670"}],"wp:term":[{"taxonomy":"product_brand","embeddable":true,"href":"https:\/\/eterle.cz\/eshop\/wp-json\/wp\/v2\/product_brand?post=12670"},{"taxonomy":"product_cat","embeddable":true,"href":"https:\/\/eterle.cz\/eshop\/wp-json\/wp\/v2\/product_cat?post=12670"},{"taxonomy":"product_tag","embeddable":true,"href":"https:\/\/eterle.cz\/eshop\/wp-json\/wp\/v2\/product_tag?post=12670"}],"curies":[{"name":"wp","href":"https:\/\/api.w.org\/{rel}","templated":true}]}}