{"id":12673,"date":"2022-12-30T10:22:26","date_gmt":"2022-12-30T09:22:26","guid":{"rendered":"https:\/\/eterle.cz\/eshop\/produkt\/jidelni-sada-pro-4-wedgwood\/"},"modified":"2025-02-16T02:56:09","modified_gmt":"2025-02-16T01:56:09","slug":"jidelni-sada-pro-4-wedgwood","status":"publish","type":"product","link":"https:\/\/eterle.cz\/eshop\/produkt\/jidelni-sada-pro-4-wedgwood\/","title":{"rendered":"J\u00eddeln\u00ed sada pro 4 \/ Wedgwood"},"content":{"rendered":"<p>J\u00eddeln\u00ed sada pro 4 od exkluzivn\u00ed zna\u010dky Wedgwood z \u0159ady Royal homes of Britain v kr\u00e9mov\u00e9 barv\u011b s ru\u010dn\u011b malovan\u00fdm motivem kr\u00e1lovsk\u00fdch s\u00eddel. Pou\u017eity jsou velmi odoln\u00e9 barvy a malba je pod glazurou. Josiah Wedgwood poprv\u00e9 p\u0159edstavil svou kr\u00e9mov\u011b zbarvenou keramiku v 60. letech 18. stolet\u00ed. Kr\u00e1lovn\u011b Charlotte daroval \u010dajov\u00fd servis v tomto nov\u00e9m proveden\u00ed a ona si ho zamilovala natolik, \u017ee ho po\u017e\u00e1dala, aby jej nazval &#8222;Queen\u2019s Ware&#8220;. Toto ozna\u010den\u00ed se pou\u017e\u00edv\u00e1 dodnes.<\/p>\n<p>Stav: perfektn\u00ed, pouze jeden m\u011blk\u00fd tal\u00ed\u0159 m\u00e1 o\u0165uk na okraji<br \/>\nZna\u010dka: Wedgwood<br \/>\nRozm\u011br<br \/>\nPr\u016fm\u011br j\u00eddeln\u00ed tal\u00ed\u0159: 25 cm<br \/>\nPr\u016fm\u011br hlubok\u00fd tal\u00ed\u0159: 22 cm<\/p>\n","protected":false},"excerpt":{"rendered":"<p>J\u00eddeln\u00ed sada pro 4 od exkluzivn\u00ed zna\u010dky Wedgwood z \u0159ady Royal homes of Britain v kr\u00e9mov\u00e9 barv\u011b s ru\u010dn\u011b malovan\u00fdm<\/p>\n","protected":false},"featured_media":12284,"template":"","meta":[],"product_brand":[153],"product_cat":[91],"product_tag":[],"class_list":{"0":"post-12673","1":"product","2":"type-product","3":"status-publish","4":"has-post-thumbnail","6":"product_brand-eterle-cz","7":"product_cat-prodane","9":"first","10":"outofstock","11":"purchasable","12":"product-type-simple"},"_links":{"self":[{"href":"https:\/\/eterle.cz\/eshop\/wp-json\/wp\/v2\/product\/12673","targetHints":{"allow":["GET"]}}],"collection":[{"href":"https:\/\/eterle.cz\/eshop\/wp-json\/wp\/v2\/product"}],"about":[{"href":"https:\/\/eterle.cz\/eshop\/wp-json\/wp\/v2\/types\/product"}],"version-history":[{"count":1,"href":"https:\/\/eterle.cz\/eshop\/wp-json\/wp\/v2\/product\/12673\/revisions"}],"predecessor-version":[{"id":23895,"href":"https:\/\/eterle.cz\/eshop\/wp-json\/wp\/v2\/product\/12673\/revisions\/23895"}],"wp:featuredmedia":[{"embeddable":true,"href":"https:\/\/eterle.cz\/eshop\/wp-json\/wp\/v2\/media\/12284"}],"wp:attachment":[{"href":"https:\/\/eterle.cz\/eshop\/wp-json\/wp\/v2\/media?parent=12673"}],"wp:term":[{"taxonomy":"product_brand","embeddable":true,"href":"https:\/\/eterle.cz\/eshop\/wp-json\/wp\/v2\/product_brand?post=12673"},{"taxonomy":"product_cat","embeddable":true,"href":"https:\/\/eterle.cz\/eshop\/wp-json\/wp\/v2\/product_cat?post=12673"},{"taxonomy":"product_tag","embeddable":true,"href":"https:\/\/eterle.cz\/eshop\/wp-json\/wp\/v2\/product_tag?post=12673"}],"curies":[{"name":"wp","href":"https:\/\/api.w.org\/{rel}","templated":true}]}}