{"id":12674,"date":"2022-12-30T10:22:27","date_gmt":"2022-12-30T09:22:27","guid":{"rendered":"https:\/\/eterle.cz\/eshop\/produkt\/polevkova-misa-zeh-scherzer\/"},"modified":"2025-06-24T01:52:46","modified_gmt":"2025-06-23T23:52:46","slug":"polevkova-misa-zeh-scherzer","status":"publish","type":"product","link":"https:\/\/eterle.cz\/eshop\/produkt\/polevkova-misa-zeh-scherzer\/","title":{"rendered":"Pol\u00e9vkov\u00e1 m\u00edsa \/ Zeh Scherzer"},"content":{"rendered":"<p>Sv\u00e1te\u010dn\u00ed pol\u00e9vkov\u00e1 m\u00edsa a to nejen tvarem, ale i barevnost\u00ed a zdoben\u00edm.<\/p>\n<p>Stav: perfektn\u00ed<br \/>\nZna\u010dka: Zeh Scherzer, Bavaria<br \/>\nRozm\u011br<br \/>\nV\u00fd\u0161ka: 15 cm<br \/>\nObjem: 1,6 l<\/p>\n","protected":false},"excerpt":{"rendered":"<p>Sv\u00e1te\u010dn\u00ed pol\u00e9vkov\u00e1 m\u00edsa a to nejen tvarem, ale i barevnost\u00ed a zdoben\u00edm. Stav: perfektn\u00ed Zna\u010dka: Zeh Scherzer, Bavaria Rozm\u011br V\u00fd\u0161ka:<\/p>\n","protected":false},"featured_media":12286,"template":"","meta":[],"product_brand":[153],"product_cat":[76,110],"product_tag":[],"class_list":{"0":"post-12674","1":"product","2":"type-product","3":"status-publish","4":"has-post-thumbnail","6":"product_brand-eterle-cz","7":"product_cat-porcelan","8":"product_cat-misy","10":"first","11":"instock","12":"purchasable","13":"product-type-simple"},"_links":{"self":[{"href":"https:\/\/eterle.cz\/eshop\/wp-json\/wp\/v2\/product\/12674","targetHints":{"allow":["GET"]}}],"collection":[{"href":"https:\/\/eterle.cz\/eshop\/wp-json\/wp\/v2\/product"}],"about":[{"href":"https:\/\/eterle.cz\/eshop\/wp-json\/wp\/v2\/types\/product"}],"version-history":[{"count":1,"href":"https:\/\/eterle.cz\/eshop\/wp-json\/wp\/v2\/product\/12674\/revisions"}],"predecessor-version":[{"id":26196,"href":"https:\/\/eterle.cz\/eshop\/wp-json\/wp\/v2\/product\/12674\/revisions\/26196"}],"wp:featuredmedia":[{"embeddable":true,"href":"https:\/\/eterle.cz\/eshop\/wp-json\/wp\/v2\/media\/12286"}],"wp:attachment":[{"href":"https:\/\/eterle.cz\/eshop\/wp-json\/wp\/v2\/media?parent=12674"}],"wp:term":[{"taxonomy":"product_brand","embeddable":true,"href":"https:\/\/eterle.cz\/eshop\/wp-json\/wp\/v2\/product_brand?post=12674"},{"taxonomy":"product_cat","embeddable":true,"href":"https:\/\/eterle.cz\/eshop\/wp-json\/wp\/v2\/product_cat?post=12674"},{"taxonomy":"product_tag","embeddable":true,"href":"https:\/\/eterle.cz\/eshop\/wp-json\/wp\/v2\/product_tag?post=12674"}],"curies":[{"name":"wp","href":"https:\/\/api.w.org\/{rel}","templated":true}]}}